{"id":1980,"date":"2023-05-17T09:35:37","date_gmt":"2023-05-17T14:35:37","guid":{"rendered":"http:\/\/extrusiones.local\/?page_id=1980"},"modified":"2025-11-27T10:49:31","modified_gmt":"2025-11-27T15:49:31","slug":"industria","status":"publish","type":"page","link":"https:\/\/extrusiones.com.co\/en\/industria\/","title":{"rendered":"Manufacturing"},"content":{"rendered":"\t\t<div data-elementor-type=\"wp-page\" data-elementor-id=\"1980\" class=\"elementor elementor-1980\" data-elementor-post-type=\"page\">\n\t\t\t\t\t\t<section class=\"elementor-section elementor-top-section elementor-element elementor-element-ee7cf40 elementor-section-boxed elementor-section-height-default elementor-section-height-default\" data-id=\"ee7cf40\" data-element_type=\"section\" data-e-type=\"section\" data-settings=\"{&quot;jet_parallax_layout_list&quot;:[{&quot;_id&quot;:&quot;1f6d8a4&quot;,&quot;jet_parallax_layout_image&quot;:{&quot;url&quot;:&quot;&quot;,&quot;id&quot;:&quot;&quot;,&quot;size&quot;:&quot;&quot;},&quot;jet_parallax_layout_image_tablet&quot;:{&quot;url&quot;:&quot;&quot;,&quot;id&quot;:&quot;&quot;,&quot;size&quot;:&quot;&quot;},&quot;jet_parallax_layout_image_mobile&quot;:{&quot;url&quot;:&quot;&quot;,&quot;id&quot;:&quot;&quot;,&quot;size&quot;:&quot;&quot;},&quot;jet_parallax_layout_speed&quot;:{&quot;unit&quot;:&quot;%&quot;,&quot;size&quot;:50,&quot;sizes&quot;:[]},&quot;jet_parallax_layout_type&quot;:&quot;scroll&quot;,&quot;jet_parallax_layout_direction&quot;:null,&quot;jet_parallax_layout_fx_direction&quot;:null,&quot;jet_parallax_layout_z_index&quot;:&quot;&quot;,&quot;jet_parallax_layout_bg_x&quot;:50,&quot;jet_parallax_layout_bg_x_tablet&quot;:&quot;&quot;,&quot;jet_parallax_layout_bg_x_mobile&quot;:&quot;&quot;,&quot;jet_parallax_layout_bg_y&quot;:50,&quot;jet_parallax_layout_bg_y_tablet&quot;:&quot;&quot;,&quot;jet_parallax_layout_bg_y_mobile&quot;:&quot;&quot;,&quot;jet_parallax_layout_bg_size&quot;:&quot;auto&quot;,&quot;jet_parallax_layout_bg_size_tablet&quot;:&quot;&quot;,&quot;jet_parallax_layout_bg_size_mobile&quot;:&quot;&quot;,&quot;jet_parallax_layout_animation_prop&quot;:&quot;transform&quot;,&quot;jet_parallax_layout_on&quot;:[&quot;desktop&quot;,&quot;tablet&quot;]}]}\">\n\t\t\t\t\t\t<div class=\"elementor-container elementor-column-gap-default\">\n\t\t\t\t\t<div class=\"elementor-column elementor-col-100 elementor-top-column elementor-element elementor-element-0c8459b\" data-id=\"0c8459b\" data-element_type=\"column\" data-e-type=\"column\">\n\t\t\t<div class=\"elementor-widget-wrap elementor-element-populated\">\n\t\t\t\t\t\t<div class=\"elementor-element elementor-element-4e31c95 elementor-widget elementor-widget-heading\" data-id=\"4e31c95\" data-element_type=\"widget\" data-e-type=\"widget\" data-widget_type=\"heading.default\">\n\t\t\t\t<div class=\"elementor-widget-container\">\n\t\t\t\t\t<h1 class=\"elementor-heading-title elementor-size-default\">INDUSTRIA<\/h1>\t\t\t\t<\/div>\n\t\t\t\t<\/div>\n\t\t\t\t<div class=\"elementor-element elementor-element-b1b4f9e elementor-widget elementor-widget-text-editor\" data-id=\"b1b4f9e\" data-element_type=\"widget\" data-e-type=\"widget\" data-widget_type=\"text-editor.default\">\n\t\t\t\t<div class=\"elementor-widget-container\">\n\t\t\t\t\t\t\t\t\t<p>Damos as\u00ed mismo, respuesta a las necesidades de industrias de electrodom\u00e9sticos, petroleras, iluminaci\u00f3n industrial y de infraestructura, muebles para oficina, hogar y exhibici\u00f3n, ascensores, zarandas para manejo de materiales, dotaciones hospitalarias y de gimnasios, tanques para roto moldeo, formaletas, estructuras met\u00e1licas, puertas industriales, entre otras, con sellamientos que ofrecen alta funcionalidad y seguridad en elementos como juntas<br \/>elastom\u00e9ricas, complemento a componentes estructurales, sellos de partes met\u00e1licas, etc., a trav\u00e9s del uso de varios tipos de cauchos como NBR, Silicona, SBR, EPDM y otros.<br \/>Dentro de nuestros productos para esta L\u00ednea se destacan:<\/p>\t\t\t\t\t\t\t\t<\/div>\n\t\t\t\t<\/div>\n\t\t\t\t<div class=\"elementor-element elementor-element-2ed8487 elementor-widget__width-inherit elementor-widget elementor-widget-heading\" data-id=\"2ed8487\" data-element_type=\"widget\" data-e-type=\"widget\" data-widget_type=\"heading.default\">\n\t\t\t\t<div class=\"elementor-widget-container\">\n\t\t\t\t\t<h2 class=\"elementor-heading-title elementor-size-default\">L\u00ednea Blanca<\/h2>\t\t\t\t<\/div>\n\t\t\t\t<\/div>\n\t\t\t\t<div class=\"elementor-element elementor-element-31ebf76 elementor-widget elementor-widget-jkit_heading\" data-id=\"31ebf76\" data-element_type=\"widget\" data-e-type=\"widget\" data-widget_type=\"jkit_heading.default\">\n\t\t\t\t<div class=\"elementor-widget-container\">\n\t\t\t\t\t<div  class=\"jeg-elementor-kit jkit-heading  align-center align-tablet- align-mobile- jeg_module___69eb928377738\" ><div class=\"heading-section-separator\"><div class=\"separator-wrapper style-solid\"><\/div><\/div><div class=\"heading-section-title  display-inline-block\"><h3 class=\"heading-title\">Sellos, perfiles o empaques de caucho para ventanas, puertas y fachadas<\/h3><\/div><\/div>\t\t\t\t<\/div>\n\t\t\t\t<\/div>\n\t\t\t\t<div class=\"elementor-element elementor-element-0db1f8d elementor-widget elementor-widget-text-editor\" data-id=\"0db1f8d\" data-element_type=\"widget\" data-e-type=\"widget\" data-widget_type=\"text-editor.default\">\n\t\t\t\t<div class=\"elementor-widget-container\">\n\t\t\t\t\t\t\t\t\t<p>Tenemos una amplia experiencia en el trabajo continuo con empresas l\u00edderes del sector de electrodom\u00e9sticos, desarrollando productos de caucho y pl\u00e1stico que responden a las demandas del mercado en aspectos de innovaci\u00f3n y competitividad, logrando sistemas de alto desempe\u00f1o en cada aplicaci\u00f3n. Para ello realizamos piezas resistentes a altas y bajas temperaturas, innocuos para la salud y el medio ambiente, de uso seguro y sin alterar los olores o sabores de los alimentos.<\/p><p><strong>Sellos para electrodom\u00e9sticos<\/strong><\/p><p>Trabajamos con productos de caucho y pl\u00e1stico moldeados, espec\u00edficos para electrodom\u00e9sticos como empaques de silicona, O-rings, perfiles pl\u00e1sticos, mangueras, espumas, bujes, entre otros; resistentes a altas y bajas temperaturas y de alta durabilidad en el tiempo. Este tipo de empaques evitan filtraciones y escapes de aire, agua u otros materiales.<\/p>\t\t\t\t\t\t\t\t<\/div>\n\t\t\t\t<\/div>\n\t\t\t\t<div class=\"elementor-element elementor-element-8332770 elementor-widget__width-inherit elementor-widget elementor-widget-heading\" data-id=\"8332770\" data-element_type=\"widget\" data-e-type=\"widget\" data-widget_type=\"heading.default\">\n\t\t\t\t<div class=\"elementor-widget-container\">\n\t\t\t\t\t<h2 class=\"elementor-heading-title elementor-size-default\">Mobilario<\/h2>\t\t\t\t<\/div>\n\t\t\t\t<\/div>\n\t\t\t\t<div class=\"elementor-element elementor-element-c266297 elementor-widget elementor-widget-jkit_heading\" data-id=\"c266297\" data-element_type=\"widget\" data-e-type=\"widget\" data-widget_type=\"jkit_heading.default\">\n\t\t\t\t<div class=\"elementor-widget-container\">\n\t\t\t\t\t<div  class=\"jeg-elementor-kit jkit-heading  align-center align-tablet- align-mobile- jeg_module__1_69eb928378a99\" ><div class=\"heading-section-separator\"><div class=\"separator-wrapper style-solid\"><\/div><\/div><div class=\"heading-section-title  display-inline-block\"><h3 class=\"heading-title\">Perfiles de caucho EPDM y PVC flexible y r\u00edgido para mobiliario, divisiones y vitrinas comerciales.<\/h3><\/div><\/div>\t\t\t\t<\/div>\n\t\t\t\t<\/div>\n\t\t\t\t<div class=\"elementor-element elementor-element-b6858c8 elementor-widget elementor-widget-text-editor\" data-id=\"b6858c8\" data-element_type=\"widget\" data-e-type=\"widget\" data-widget_type=\"text-editor.default\">\n\t\t\t\t<div class=\"elementor-widget-container\">\n\t\t\t\t\t\t\t\t\t<p>Fabricamos perfiles tipo cu\u00f1as y \u00faes, \u00e9stos elaborados en caucho EPDM o en PVC para uso en divisiones modulares de oficina, vitrinas comerciales, pasamanos, z\u00f3calos y mosquiteros. Los perfiles en PVC pueden trabajarse en variedad de colores, acabados y geometr\u00edas. Dentro de este tipo de productos tambi\u00e9n ofrecemos boceles, cintas, topes, pisavidrios, remates, perfiles en H, formabordes y juntas de dilataci\u00f3n.<\/p><p>\u00a0<\/p>\t\t\t\t\t\t\t\t<\/div>\n\t\t\t\t<\/div>\n\t\t\t\t\t<\/div>\n\t\t<\/div>\n\t\t\t\t\t<\/div>\n\t\t<\/section>\n\t\t\t\t<\/div>\n\t\t","protected":false},"excerpt":{"rendered":"<p>INDUSTRIA Damos as\u00ed mismo, respuesta a las necesidades de industrias de electrodom\u00e9sticos, petroleras, iluminaci\u00f3n industrial y de infraestructura, muebles para oficina, hogar y exhibici\u00f3n, ascensores, zarandas para manejo de materiales, dotaciones hospitalarias y de gimnasios, tanques para roto moldeo, formaletas, estructuras met\u00e1licas, puertas industriales, entre otras, con sellamientos que ofrecen alta funcionalidad y seguridad en [&hellip;]<\/p>\n","protected":false},"author":1,"featured_media":0,"parent":0,"menu_order":0,"comment_status":"closed","ping_status":"closed","template":"","meta":{"_joinchat":[],"footnotes":""},"class_list":["post-1980","page","type-page","status-publish","hentry"],"_links":{"self":[{"href":"https:\/\/extrusiones.com.co\/en\/wp-json\/wp\/v2\/pages\/1980","targetHints":{"allow":["GET"]}}],"collection":[{"href":"https:\/\/extrusiones.com.co\/en\/wp-json\/wp\/v2\/pages"}],"about":[{"href":"https:\/\/extrusiones.com.co\/en\/wp-json\/wp\/v2\/types\/page"}],"author":[{"embeddable":true,"href":"https:\/\/extrusiones.com.co\/en\/wp-json\/wp\/v2\/users\/1"}],"replies":[{"embeddable":true,"href":"https:\/\/extrusiones.com.co\/en\/wp-json\/wp\/v2\/comments?post=1980"}],"version-history":[{"count":22,"href":"https:\/\/extrusiones.com.co\/en\/wp-json\/wp\/v2\/pages\/1980\/revisions"}],"predecessor-version":[{"id":5358,"href":"https:\/\/extrusiones.com.co\/en\/wp-json\/wp\/v2\/pages\/1980\/revisions\/5358"}],"wp:attachment":[{"href":"https:\/\/extrusiones.com.co\/en\/wp-json\/wp\/v2\/media?parent=1980"}],"curies":[{"name":"wp","href":"https:\/\/api.w.org\/{rel}","templated":true}]}}