{"id":2027,"date":"2023-05-17T10:22:32","date_gmt":"2023-05-17T15:22:32","guid":{"rendered":"http:\/\/extrusiones.local\/?page_id=2027"},"modified":"2025-11-27T10:55:21","modified_gmt":"2025-11-27T15:55:21","slug":"infraestructura","status":"publish","type":"page","link":"https:\/\/extrusiones.com.co\/en\/infraestructura\/","title":{"rendered":"Infraestructure"},"content":{"rendered":"\t\t<div data-elementor-type=\"wp-page\" data-elementor-id=\"2027\" class=\"elementor elementor-2027\" data-elementor-post-type=\"page\">\n\t\t\t\t\t\t<section class=\"elementor-section elementor-top-section elementor-element elementor-element-b689cb8 elementor-section-boxed elementor-section-height-default elementor-section-height-default\" data-id=\"b689cb8\" data-element_type=\"section\" data-e-type=\"section\" data-settings=\"{&quot;jet_parallax_layout_list&quot;:[{&quot;_id&quot;:&quot;1f6d8a4&quot;,&quot;jet_parallax_layout_image&quot;:{&quot;url&quot;:&quot;&quot;,&quot;id&quot;:&quot;&quot;,&quot;size&quot;:&quot;&quot;},&quot;jet_parallax_layout_image_tablet&quot;:{&quot;url&quot;:&quot;&quot;,&quot;id&quot;:&quot;&quot;,&quot;size&quot;:&quot;&quot;},&quot;jet_parallax_layout_image_mobile&quot;:{&quot;url&quot;:&quot;&quot;,&quot;id&quot;:&quot;&quot;,&quot;size&quot;:&quot;&quot;},&quot;jet_parallax_layout_speed&quot;:{&quot;unit&quot;:&quot;%&quot;,&quot;size&quot;:50,&quot;sizes&quot;:[]},&quot;jet_parallax_layout_type&quot;:&quot;scroll&quot;,&quot;jet_parallax_layout_direction&quot;:null,&quot;jet_parallax_layout_fx_direction&quot;:null,&quot;jet_parallax_layout_z_index&quot;:&quot;&quot;,&quot;jet_parallax_layout_bg_x&quot;:50,&quot;jet_parallax_layout_bg_x_tablet&quot;:&quot;&quot;,&quot;jet_parallax_layout_bg_x_mobile&quot;:&quot;&quot;,&quot;jet_parallax_layout_bg_y&quot;:50,&quot;jet_parallax_layout_bg_y_tablet&quot;:&quot;&quot;,&quot;jet_parallax_layout_bg_y_mobile&quot;:&quot;&quot;,&quot;jet_parallax_layout_bg_size&quot;:&quot;auto&quot;,&quot;jet_parallax_layout_bg_size_tablet&quot;:&quot;&quot;,&quot;jet_parallax_layout_bg_size_mobile&quot;:&quot;&quot;,&quot;jet_parallax_layout_animation_prop&quot;:&quot;transform&quot;,&quot;jet_parallax_layout_on&quot;:[&quot;desktop&quot;,&quot;tablet&quot;]}]}\">\n\t\t\t\t\t\t<div class=\"elementor-container elementor-column-gap-default\">\n\t\t\t\t\t<div class=\"elementor-column elementor-col-100 elementor-top-column elementor-element elementor-element-ab199e3\" data-id=\"ab199e3\" data-element_type=\"column\" data-e-type=\"column\">\n\t\t\t<div class=\"elementor-widget-wrap elementor-element-populated\">\n\t\t\t\t\t\t<div class=\"elementor-element elementor-element-a338757 elementor-widget elementor-widget-heading\" data-id=\"a338757\" data-element_type=\"widget\" data-e-type=\"widget\" data-widget_type=\"heading.default\">\n\t\t\t\t<div class=\"elementor-widget-container\">\n\t\t\t\t\t<h1 class=\"elementor-heading-title elementor-size-default\">INFRAESTRUCTURA<\/h1>\t\t\t\t<\/div>\n\t\t\t\t<\/div>\n\t\t\t\t<div class=\"elementor-element elementor-element-3043ec7 elementor-widget elementor-widget-text-editor\" data-id=\"3043ec7\" data-element_type=\"widget\" data-e-type=\"widget\" data-widget_type=\"text-editor.default\">\n\t\t\t\t<div class=\"elementor-widget-container\">\n\t\t\t\t\t\t\t\t\t<p>Somos part\u00edcipes en macroproyectos de obras civiles de compa\u00f1\u00edas nacionales e internacionales, enfocadas a la construcci\u00f3n de redes de acueducto, alcantarillado, hidroel\u00e9ctricas, sistemas de riego y t\u00faneles, en los cuales nuestros hidrosellos o aros de caucho desempe\u00f1an una funci\u00f3n de alta seguridad y sellamiento. Destacamos nuestros sellos en EPDM para tuber\u00edas de Concreto, PVC, GRP y HDPE. Contamos con un equipo experto y un laboratorio especializado para el dise\u00f1o de hidrosellos o aros con geometr\u00edas y formulaciones especificas que resuelven las exigencias de cada uno de nuestros clientes. Utilizamos materias primas de primera calidad para productos m\u00e1s eficientes, durables y poco contaminantes, dando cumplimiento a la\u00a0 normatividad establecida para la conducci\u00f3n de fluidos con la NTC 1328, ASTM F477 y ASTM 1619, resaltando la certificaci\u00f3n en la Norma ISO 4633 Rubber Seals \u2013 Joint rings for water supply, drainage and sewerage pipelines specification for materials.<\/p>\t\t\t\t\t\t\t\t<\/div>\n\t\t\t\t<\/div>\n\t\t\t\t<div class=\"elementor-element elementor-element-17476f0 elementor-widget__width-inherit elementor-widget elementor-widget-heading\" data-id=\"17476f0\" data-element_type=\"widget\" data-e-type=\"widget\" data-widget_type=\"heading.default\">\n\t\t\t\t<div class=\"elementor-widget-container\">\n\t\t\t\t\t<h2 class=\"elementor-heading-title elementor-size-default\">TUBER\u00cdA CONCRETO\n<\/h2>\t\t\t\t<\/div>\n\t\t\t\t<\/div>\n\t\t\t\t<div class=\"elementor-element elementor-element-13fdbe6 elementor-widget elementor-widget-jkit_heading\" data-id=\"13fdbe6\" data-element_type=\"widget\" data-e-type=\"widget\" data-widget_type=\"jkit_heading.default\">\n\t\t\t\t<div class=\"elementor-widget-container\">\n\t\t\t\t\t<div  class=\"jeg-elementor-kit jkit-heading  align-center align-tablet- align-mobile- jeg_module___69ebbe1581517\" ><div class=\"heading-section-separator\"><div class=\"separator-wrapper style-solid\"><\/div><\/div><div class=\"heading-section-title  display-inline-block\"><h3 class=\"heading-title\">Hidrosellos de caucho EPDM para Tuber\u00eda.<\/h3><\/div><\/div>\t\t\t\t<\/div>\n\t\t\t\t<\/div>\n\t\t\t\t<div class=\"elementor-element elementor-element-ecf0bbd elementor-widget__width-initial elementor-widget-mobile__width-inherit elementor-widget elementor-widget-text-editor\" data-id=\"ecf0bbd\" data-element_type=\"widget\" data-e-type=\"widget\" data-widget_type=\"text-editor.default\">\n\t\t\t\t<div class=\"elementor-widget-container\">\n\t\t\t\t\t\t\t\t\t<p>Los empaques en EPDM son utilizados como hidrosellos para garantizar la estabilidad del sistema de alcantarillado durante la vida \u00fatil para la que ha sido dise\u00f1ado, los elementos que lo componen deben cumplir ciertas caracter\u00edsticas inherentes al uso mismo y dentro de costos razonables, como son:<\/p><ul><li>Hermeticidad<\/li><li>Flexibilidad<\/li><li>Resistencia a la Corrosi\u00f3n y la Abrasi\u00f3n<\/li><li>\u00d3ptimo comportamiento hidr\u00e1ulico<\/li><li>Facilidad de instalaci\u00f3n y mantenimiento<\/li><\/ul>\t\t\t\t\t\t\t\t<\/div>\n\t\t\t\t<\/div>\n\t\t\t\t<div class=\"elementor-element elementor-element-2a65ea6 elementor-widget__width-initial elementor-widget-mobile__width-inherit elementor-widget elementor-widget-text-editor\" data-id=\"2a65ea6\" data-element_type=\"widget\" data-e-type=\"widget\" data-widget_type=\"text-editor.default\">\n\t\t\t\t<div class=\"elementor-widget-container\">\n\t\t\t\t\t\t\t\t\t<p><strong>Concreto:<\/strong>\u00a0Tubos para conducciones de saneamiento, acueducto y alcantarillado, drenajes de v\u00edas y canalizaciones sin presi\u00f3n. Pueden ser reforzado o sin refuerzo y es utilizado de acuerdo a la especificaci\u00f3n requerida por los clientes.<\/p><p><strong>GRP<\/strong>: (PRFV Poli\u00e9ster Reforzado con Fibra de Vidrio)<br \/>Tubos y accesorios de grandes di\u00e1metros para redes de abastecimiento de agua, alcantarillado, drenaje y aplicaciones industriales.<\/p>\t\t\t\t\t\t\t\t<\/div>\n\t\t\t\t<\/div>\n\t\t\t\t<div class=\"elementor-element elementor-element-e3ac2a3 elementor-widget__width-inherit elementor-widget elementor-widget-heading\" data-id=\"e3ac2a3\" data-element_type=\"widget\" data-e-type=\"widget\" data-widget_type=\"heading.default\">\n\t\t\t\t<div class=\"elementor-widget-container\">\n\t\t\t\t\t<h2 class=\"elementor-heading-title elementor-size-default\">TUBER\u00cdA PVC<\/h2>\t\t\t\t<\/div>\n\t\t\t\t<\/div>\n\t\t\t\t<div class=\"elementor-element elementor-element-172d343 elementor-widget elementor-widget-jkit_heading\" data-id=\"172d343\" data-element_type=\"widget\" data-e-type=\"widget\" data-widget_type=\"jkit_heading.default\">\n\t\t\t\t<div class=\"elementor-widget-container\">\n\t\t\t\t\t<div  class=\"jeg-elementor-kit jkit-heading  align-center align-tablet- align-mobile- jeg_module__1_69ebbe1582e8f\" ><div class=\"heading-section-separator\"><div class=\"separator-wrapper style-solid\"><\/div><\/div><div class=\"heading-section-title  display-inline-block\"><h2 class=\"heading-title\"><\/h2><\/div><\/div>\t\t\t\t<\/div>\n\t\t\t\t<\/div>\n\t\t\t\t<div class=\"elementor-element elementor-element-33eae38 elementor-widget elementor-widget-text-editor\" data-id=\"33eae38\" data-element_type=\"widget\" data-e-type=\"widget\" data-widget_type=\"text-editor.default\">\n\t\t\t\t<div class=\"elementor-widget-container\">\n\t\t\t\t\t\t\t\t\t<div class=\"pageContent\"><div class=\"sm-padding itr_section\"><div class=\"container\"><div class=\"row\"><div class=\"col-md-12\"><div class=\"container\"><div class=\"row\"><div class=\"col-md-12\"><div class=\"wpb_text_column wpb_content_element \"><div class=\"wpb_wrapper\"><p><strong>PVC:<\/strong>\u00a0(Policloruro de Vinilo) tubos y accesorios para redes de distribuci\u00f3n de agua potable, evacuaci\u00f3n de aguas residuales y pluviales, drenaje y acometidas generales de redes de riego.<\/p><p><strong>HDPE<\/strong>: Tuber\u00eda pl\u00e1stica fabricada en Polietileno de Alta Densidad. Est\u00e1 para trabajar con agua a presi\u00f3n y es muy utilizada a nivel mundial como una alternativa al PVC (Policloruro de Vinilo). Tambi\u00e9n se utiliza ampliamente en la construcci\u00f3n de redes de distribuci\u00f3n de gas, en miner\u00eda y en la industria.<\/p><p><strong>Met\u00e1licas<\/strong><\/p><p>Hierro fundido: usadas generalmente para el servicio de agua y desag\u00fce, sobre todo cuando la tuber\u00eda debe estar en contacto directo con la tierra. Normalmente utilizadas para aguas residuales.<\/p><p><strong>Acero:<\/strong>\u00a0se usa para transportar agua, vapores, aceites, combustibles y gases. Es utilizado para altas temperaturas y presiones.<\/p><p><strong>Cobre<\/strong>: sirve tanto para trasportar agua fr\u00eda como agua caliente.<\/p><p><strong>Bronce<\/strong>: son apropiadas para el suministro de agua.<\/p><\/div><\/div><\/div><\/div><\/div><\/div><\/div><\/div><\/div><\/div>\t\t\t\t\t\t\t\t<\/div>\n\t\t\t\t<\/div>\n\t\t\t\t<div class=\"elementor-element elementor-element-7873abd elementor-widget__width-inherit elementor-widget elementor-widget-heading\" data-id=\"7873abd\" data-element_type=\"widget\" data-e-type=\"widget\" data-widget_type=\"heading.default\">\n\t\t\t\t<div class=\"elementor-widget-container\">\n\t\t\t\t\t<h2 class=\"elementor-heading-title elementor-size-default\">DOVELAS PARA T\u00daNELES<\/h2>\t\t\t\t<\/div>\n\t\t\t\t<\/div>\n\t\t\t\t<div class=\"elementor-element elementor-element-9f01cbd elementor-widget elementor-widget-jkit_heading\" data-id=\"9f01cbd\" data-element_type=\"widget\" data-e-type=\"widget\" data-widget_type=\"jkit_heading.default\">\n\t\t\t\t<div class=\"elementor-widget-container\">\n\t\t\t\t\t<div  class=\"jeg-elementor-kit jkit-heading  align-center align-tablet- align-mobile- jeg_module__2_69ebbe15840d6\" ><div class=\"heading-section-separator\"><div class=\"separator-wrapper style-solid\"><\/div><\/div><div class=\"heading-section-title  display-inline-block\"><h2 class=\"heading-title\"><\/h2><\/div><\/div>\t\t\t\t<\/div>\n\t\t\t\t<\/div>\n\t\t\t\t<div class=\"elementor-element elementor-element-afdf755 elementor-widget elementor-widget-text-editor\" data-id=\"afdf755\" data-element_type=\"widget\" data-e-type=\"widget\" data-widget_type=\"text-editor.default\">\n\t\t\t\t<div class=\"elementor-widget-container\">\n\t\t\t\t\t\t\t\t\t<div class=\"pageContent\"><div class=\"sm-padding itr_section\"><div class=\"container\"><div class=\"row\"><div class=\"col-md-12\"><div class=\"container\"><div class=\"row\"><div class=\"col-md-12\"><div class=\"wpb_text_column wpb_content_element \"><div class=\"wpb_wrapper\"><div class=\"pageContent\"><div class=\"sm-padding itr_section row_6464f0e41f06b\"><div class=\"container\"><div class=\"row\"><div class=\"col-md-12\"><div class=\"wpb_text_column wpb_content_element \"><div class=\"wpb_wrapper\"><p>Los empaques para este tipo de aplicaciones son sellos perimetrales que trabajan por compresi\u00f3n y funcionan como sellantes en la uni\u00f3n entre dovela y dovela haciendo m\u00e1s optimo el ensamble, de esta manera a\u00edslan las infiltraciones de agua o materiales microbiol\u00f3gicos y qu\u00edmicos. As\u00ed mismo brindan estabilidad a las uniones frente a las altas presiones o vibraciones.<\/p><\/div><\/div><\/div><\/div><\/div><\/div><\/div><\/div><\/div><\/div><\/div><\/div><\/div><\/div><\/div><\/div><\/div>\t\t\t\t\t\t\t\t<\/div>\n\t\t\t\t<\/div>\n\t\t\t\t\t<\/div>\n\t\t<\/div>\n\t\t\t\t\t<\/div>\n\t\t<\/section>\n\t\t\t\t<\/div>\n\t\t","protected":false},"excerpt":{"rendered":"<p>INFRAESTRUCTURA Somos part\u00edcipes en macroproyectos de obras civiles de compa\u00f1\u00edas nacionales e internacionales, enfocadas a la construcci\u00f3n de redes de acueducto, alcantarillado, hidroel\u00e9ctricas, sistemas de riego y t\u00faneles, en los cuales nuestros hidrosellos o aros de caucho desempe\u00f1an una funci\u00f3n de alta seguridad y sellamiento. Destacamos nuestros sellos en EPDM para tuber\u00edas de Concreto, PVC, [&hellip;]<\/p>\n","protected":false},"author":1,"featured_media":0,"parent":0,"menu_order":0,"comment_status":"closed","ping_status":"closed","template":"","meta":{"_joinchat":[],"footnotes":""},"class_list":["post-2027","page","type-page","status-publish","hentry"],"_links":{"self":[{"href":"https:\/\/extrusiones.com.co\/en\/wp-json\/wp\/v2\/pages\/2027","targetHints":{"allow":["GET"]}}],"collection":[{"href":"https:\/\/extrusiones.com.co\/en\/wp-json\/wp\/v2\/pages"}],"about":[{"href":"https:\/\/extrusiones.com.co\/en\/wp-json\/wp\/v2\/types\/page"}],"author":[{"embeddable":true,"href":"https:\/\/extrusiones.com.co\/en\/wp-json\/wp\/v2\/users\/1"}],"replies":[{"embeddable":true,"href":"https:\/\/extrusiones.com.co\/en\/wp-json\/wp\/v2\/comments?post=2027"}],"version-history":[{"count":31,"href":"https:\/\/extrusiones.com.co\/en\/wp-json\/wp\/v2\/pages\/2027\/revisions"}],"predecessor-version":[{"id":5361,"href":"https:\/\/extrusiones.com.co\/en\/wp-json\/wp\/v2\/pages\/2027\/revisions\/5361"}],"wp:attachment":[{"href":"https:\/\/extrusiones.com.co\/en\/wp-json\/wp\/v2\/media?parent=2027"}],"curies":[{"name":"wp","href":"https:\/\/api.w.org\/{rel}","templated":true}]}}