{"id":2044,"date":"2023-05-17T11:42:25","date_gmt":"2023-05-17T16:42:25","guid":{"rendered":"http:\/\/extrusiones.local\/?page_id=2044"},"modified":"2025-11-27T10:56:35","modified_gmt":"2025-11-27T15:56:35","slug":"transporte","status":"publish","type":"page","link":"https:\/\/extrusiones.com.co\/en\/transporte\/","title":{"rendered":"Automotive"},"content":{"rendered":"\t\t<div data-elementor-type=\"wp-page\" data-elementor-id=\"2044\" class=\"elementor elementor-2044\" data-elementor-post-type=\"page\">\n\t\t\t\t\t\t<section class=\"elementor-section elementor-top-section elementor-element elementor-element-a7e256c elementor-section-boxed elementor-section-height-default elementor-section-height-default\" data-id=\"a7e256c\" data-element_type=\"section\" data-e-type=\"section\" data-settings=\"{&quot;jet_parallax_layout_list&quot;:[{&quot;_id&quot;:&quot;1f6d8a4&quot;,&quot;jet_parallax_layout_image&quot;:{&quot;url&quot;:&quot;&quot;,&quot;id&quot;:&quot;&quot;,&quot;size&quot;:&quot;&quot;},&quot;jet_parallax_layout_image_tablet&quot;:{&quot;url&quot;:&quot;&quot;,&quot;id&quot;:&quot;&quot;,&quot;size&quot;:&quot;&quot;},&quot;jet_parallax_layout_image_mobile&quot;:{&quot;url&quot;:&quot;&quot;,&quot;id&quot;:&quot;&quot;,&quot;size&quot;:&quot;&quot;},&quot;jet_parallax_layout_speed&quot;:{&quot;unit&quot;:&quot;%&quot;,&quot;size&quot;:50,&quot;sizes&quot;:[]},&quot;jet_parallax_layout_type&quot;:&quot;scroll&quot;,&quot;jet_parallax_layout_direction&quot;:null,&quot;jet_parallax_layout_fx_direction&quot;:null,&quot;jet_parallax_layout_z_index&quot;:&quot;&quot;,&quot;jet_parallax_layout_bg_x&quot;:50,&quot;jet_parallax_layout_bg_x_tablet&quot;:&quot;&quot;,&quot;jet_parallax_layout_bg_x_mobile&quot;:&quot;&quot;,&quot;jet_parallax_layout_bg_y&quot;:50,&quot;jet_parallax_layout_bg_y_tablet&quot;:&quot;&quot;,&quot;jet_parallax_layout_bg_y_mobile&quot;:&quot;&quot;,&quot;jet_parallax_layout_bg_size&quot;:&quot;auto&quot;,&quot;jet_parallax_layout_bg_size_tablet&quot;:&quot;&quot;,&quot;jet_parallax_layout_bg_size_mobile&quot;:&quot;&quot;,&quot;jet_parallax_layout_animation_prop&quot;:&quot;transform&quot;,&quot;jet_parallax_layout_on&quot;:[&quot;desktop&quot;,&quot;tablet&quot;]}]}\">\n\t\t\t\t\t\t<div class=\"elementor-container elementor-column-gap-default\">\n\t\t\t\t\t<div class=\"elementor-column elementor-col-100 elementor-top-column elementor-element elementor-element-c02c8ee\" data-id=\"c02c8ee\" data-element_type=\"column\" data-e-type=\"column\">\n\t\t\t<div class=\"elementor-widget-wrap elementor-element-populated\">\n\t\t\t\t\t\t<div class=\"elementor-element elementor-element-de85317 elementor-widget elementor-widget-heading\" data-id=\"de85317\" data-element_type=\"widget\" data-e-type=\"widget\" data-widget_type=\"heading.default\">\n\t\t\t\t<div class=\"elementor-widget-container\">\n\t\t\t\t\t<h1 class=\"elementor-heading-title elementor-size-default\">transporte<\/h1>\t\t\t\t<\/div>\n\t\t\t\t<\/div>\n\t\t\t\t<div class=\"elementor-element elementor-element-ef91e3e elementor-widget elementor-widget-text-editor\" data-id=\"ef91e3e\" data-element_type=\"widget\" data-e-type=\"widget\" data-widget_type=\"text-editor.default\">\n\t\t\t\t<div class=\"elementor-widget-container\">\n\t\t\t\t\t\t\t\t\t<p>Con el \u00e1nimo de estar a la vanguardia en innovaci\u00f3n e implementaci\u00f3n de mejores medios de transporte, en Extrusiones trabajamos conjuntamente con grandes empresas de la industria de buses, autom\u00f3viles, trenes, motocicletas y buques en la elaboraci\u00f3n de sistemas de sellamiento para el ensamble, fabricaci\u00f3n y reposici\u00f3n de productos y autopartes especiales para cada sector.<\/p><p>Al trabajar con compuestos y geometr\u00edas espec\u00edficas, garantizamos sellos, empaques y piezas que cumplan condiciones como resistencia a la llama, a los hidrocarburos, aislantes de ruido, polvo, humedad y calor, vibraci\u00f3n, impacto, etc., adem\u00e1s de dar valor en su funcionalidad y est\u00e9tica. Desarrollamos perfiles en EPDM densos, esponjosos adem\u00e1s de afelpados. Tambi\u00e9n fabricamos productos en caucho prensados e inyectados.<\/p>\t\t\t\t\t\t\t\t<\/div>\n\t\t\t\t<\/div>\n\t\t\t\t<div class=\"elementor-element elementor-element-ff27379 elementor-widget__width-inherit elementor-widget elementor-widget-heading\" data-id=\"ff27379\" data-element_type=\"widget\" data-e-type=\"widget\" data-widget_type=\"heading.default\">\n\t\t\t\t<div class=\"elementor-widget-container\">\n\t\t\t\t\t<h2 class=\"elementor-heading-title elementor-size-default\">SELLOS Y EMPAQUES EN EPDM PARA VENTANAS Y\/O PUERTAS DE VEH\u00cdCULOS\n\u200b<\/h2>\t\t\t\t<\/div>\n\t\t\t\t<\/div>\n\t\t\t\t<div class=\"elementor-element elementor-element-654592e elementor-widget elementor-widget-jkit_heading\" data-id=\"654592e\" data-element_type=\"widget\" data-e-type=\"widget\" data-widget_type=\"jkit_heading.default\">\n\t\t\t\t<div class=\"elementor-widget-container\">\n\t\t\t\t\t<div  class=\"jeg-elementor-kit jkit-heading  align-center align-tablet- align-mobile- jeg_module___69f473e10b205\" ><div class=\"heading-section-separator\"><div class=\"separator-wrapper style-solid\"><\/div><\/div><div class=\"heading-section-title  display-inline-block\"><h2 class=\"heading-title\"><\/h2><\/div><\/div>\t\t\t\t<\/div>\n\t\t\t\t<\/div>\n\t\t\t\t<div class=\"elementor-element elementor-element-9d235f6 elementor-widget__width-initial elementor-widget-mobile__width-inherit elementor-widget elementor-widget-text-editor\" data-id=\"9d235f6\" data-element_type=\"widget\" data-e-type=\"widget\" data-widget_type=\"text-editor.default\">\n\t\t\t\t<div class=\"elementor-widget-container\">\n\t\t\t\t\t\t\t\t\t<p>Trabajamos con productos de caucho, espec\u00edficos para aplicaciones en varios sectores de la industria<br \/>automotriz como:<\/p><ul><li>Fabricantes carrocer\u00edas de buses, furgones, ambulancias.<\/li><li>Talleres transporte masivo, maquinaria pesada<\/li><li>Puertas contenedores<\/li><li>Ensamble de autos y motocicletas<\/li><li>Blindadoras de autos e industria de vidrio laminado<\/li><li>Fabricantes de ventanas para bus<\/li><li>Industria de botes y muelles<\/li><li>Veh\u00edculos compactadores de basura<\/li><li>Autopartistas: mangueras para aire acondicionado, combustibles, gases y agua; protectores de cables, claraboyas, partes en fibra de vidrio, cascos para motos, convertidores de gas, etc.<\/li><li>Industria de filtros automotriz<\/li><\/ul><p>\u00a0<\/p><p><strong>Empaques o sellos destacados para veh\u00edculos<\/strong><\/p><ul><li><strong>Empaques Espumas:<\/strong>\u00a0Empaques utilizados para sellar superficies, aislando ac\u00fasticamente y amortiguando. Estos empaques se caracterizan por ser impermeables y resistentes a temperaturas extremas, adem\u00e1s de evitar vibraciones entre las diferentes piezas del carro.<\/li><\/ul><ul><li><strong>Mangueras<\/strong>: Productos extru\u00eddos en caucho EPDM o nitrilo (NBR) especiales para la conducci\u00f3n refrigerante y\/o calefacci\u00f3n en los sistemas automotrices. Este tipo de producto es utilizado para la conducci\u00f3n de l\u00edquidos derivados del petr\u00f3leo, combustibles, aceites, etc. Poseen una alta resistencia a los constantes cambios de presi\u00f3n y temperatura<\/li><\/ul>\t\t\t\t\t\t\t\t<\/div>\n\t\t\t\t<\/div>\n\t\t\t\t<div class=\"elementor-element elementor-element-c01f5af elementor-widget__width-initial elementor-widget-mobile__width-inherit elementor-widget elementor-widget-text-editor\" data-id=\"c01f5af\" data-element_type=\"widget\" data-e-type=\"widget\" data-widget_type=\"text-editor.default\">\n\t\t\t\t<div class=\"elementor-widget-container\">\n\t\t\t\t\t\t\t\t\t<p><strong>Dentro de nuestro portafolio de productos de caucho para la L\u00ednea Transporte tenemos:<\/strong><\/p><ul><li>Empaques de caucho para parabrisas de buses<\/li><li>Aros vulcanizados para parabrisas<\/li><li>Empaques de caucho para ventanas laterales de buses y camperos<\/li><li>Empaques de caucho paso ruedas y guardafangos<\/li><li>Torpedos y ajustes para puertas de buses<\/li><li>Empaques de caucho Tipo Z para vidrios fijos<\/li><li>Empaques de caucho vidrio \u2013 l\u00e1mina<\/li><li>Empaques de caucho flockados para autom\u00f3viles<\/li><li>Empaques de presi\u00f3n (bicomponentes) para ba\u00fales y puertas<\/li><li>Molduras parabrisas<\/li><li>Empaques de caucho en U<\/li><li>Topes de ventanas<\/li><li>Plumillas<\/li><li>Boceles para uso interior y exterior<\/li><li>Apoyo chasis y cabinas<\/li><li>Lamevidrios<\/li><li>Empaque en Espumas (cintas y otras geometr\u00edas)<\/li><li>Bordas para botes y protectores de muelles<\/li><li><strong>Perfiles Flockados:\u00a0<\/strong>Estos empaques son elaborados para ser utilizado generalmente en la L\u00ednea Transporte ya que es ideal para la aplicaci\u00f3n en ventanas corredizas o para aquellas que impliquen un contacto suave entre el empaque y el vidrio<\/li><li><strong>Bordas y protectores para otros veh\u00edculos:\u00a0<\/strong>Las bordas son piezas protectoras y amortiguadoras de las cubiertas de los barcos, fabricadas en caucho EPDM y PVC semir\u00edgiido con protector UV que le brindan alt\u00edsima resistencia a la intemperie, la corrosi\u00f3n, cambios de temperatura y las hace muy durables en el tiempo. Su propiedad principal es la protecci\u00f3n y amortiguaci\u00f3n al impacto sobre otras superficies que pueden deteriorar la cubierta.<\/li><\/ul><p>Otro tipo de protectores para plataformas cumplen la misma funci\u00f3n de resguardar el veh\u00edculo del roce con otras \u00e1reas, est\u00e1s intervienen en la infraestructura sirviendo como separadores entre un espacio y otro donde puede haber contacto, generando fricci\u00f3n (freno) y f\u00e1cil deslizamiento con el movimiento del veh\u00edculo.<\/p>\t\t\t\t\t\t\t\t<\/div>\n\t\t\t\t<\/div>\n\t\t\t\t<div class=\"elementor-element elementor-element-201df95 elementor-widget__width-inherit elementor-widget elementor-widget-heading\" data-id=\"201df95\" data-element_type=\"widget\" data-e-type=\"widget\" data-widget_type=\"heading.default\">\n\t\t\t\t<div class=\"elementor-widget-container\">\n\t\t\t\t\t<h2 class=\"elementor-heading-title elementor-size-default\">AUTOPARTES\/BUJES<\/h2>\t\t\t\t<\/div>\n\t\t\t\t<\/div>\n\t\t\t\t<div class=\"elementor-element elementor-element-a2f7e1a elementor-widget elementor-widget-jkit_heading\" data-id=\"a2f7e1a\" data-element_type=\"widget\" data-e-type=\"widget\" data-widget_type=\"jkit_heading.default\">\n\t\t\t\t<div class=\"elementor-widget-container\">\n\t\t\t\t\t<div  class=\"jeg-elementor-kit jkit-heading  align-center align-tablet- align-mobile- jeg_module__1_69f473e10e6bb\" ><div class=\"heading-section-separator\"><div class=\"separator-wrapper style-solid\"><\/div><\/div><div class=\"heading-section-title  display-inline-block\"><h3 class=\"heading-title\">Sellos para maquinaria y procesos industriales<\/h3><\/div><\/div>\t\t\t\t<\/div>\n\t\t\t\t<\/div>\n\t\t\t\t<div class=\"elementor-element elementor-element-abd78a2 elementor-widget elementor-widget-text-editor\" data-id=\"abd78a2\" data-element_type=\"widget\" data-e-type=\"widget\" data-widget_type=\"text-editor.default\">\n\t\t\t\t<div class=\"elementor-widget-container\">\n\t\t\t\t\t\t\t\t\t<div class=\"pageContent\">\n<div class=\"sm-padding itr_section\">\n<div class=\"container\">\n<div class=\"row\">\n<div class=\"col-md-12\">\n<div class=\"container\">\n<div class=\"row\">\n<div class=\"col-md-12\">\n<div class=\"wpb_text_column wpb_content_element \">\n<div class=\"wpb_wrapper\">\n<p>Dentro de este tipo de empaques manejamos una amplia gama de sellos tipo arandelas, bujes, cintas, o-rings y esponjas que van de acuerdo al tipo de aplicaci\u00f3n, sistema e industria. Este tipo de empaques son dise\u00f1ados y fabricados en diversos tama\u00f1os, geometr\u00edas y tipos de material especialmente en caucho EPDM.<\/p>\n<\/div>\n<\/div>\n<\/div>\n<\/div>\n<\/div>\n<\/div>\n<\/div>\n<\/div>\n<\/div>\n<\/div>\t\t\t\t\t\t\t\t<\/div>\n\t\t\t\t<\/div>\n\t\t\t\t\t<\/div>\n\t\t<\/div>\n\t\t\t\t\t<\/div>\n\t\t<\/section>\n\t\t\t\t<\/div>\n\t\t","protected":false},"excerpt":{"rendered":"<p>transporte Con el \u00e1nimo de estar a la vanguardia en innovaci\u00f3n e implementaci\u00f3n de mejores medios de transporte, en Extrusiones trabajamos conjuntamente con grandes empresas de la industria de buses, autom\u00f3viles, trenes, motocicletas y buques en la elaboraci\u00f3n de sistemas de sellamiento para el ensamble, fabricaci\u00f3n y reposici\u00f3n de productos y autopartes especiales para cada [&hellip;]<\/p>\n","protected":false},"author":1,"featured_media":0,"parent":0,"menu_order":0,"comment_status":"closed","ping_status":"closed","template":"","meta":{"_joinchat":[],"footnotes":""},"class_list":["post-2044","page","type-page","status-publish","hentry"],"_links":{"self":[{"href":"https:\/\/extrusiones.com.co\/en\/wp-json\/wp\/v2\/pages\/2044","targetHints":{"allow":["GET"]}}],"collection":[{"href":"https:\/\/extrusiones.com.co\/en\/wp-json\/wp\/v2\/pages"}],"about":[{"href":"https:\/\/extrusiones.com.co\/en\/wp-json\/wp\/v2\/types\/page"}],"author":[{"embeddable":true,"href":"https:\/\/extrusiones.com.co\/en\/wp-json\/wp\/v2\/users\/1"}],"replies":[{"embeddable":true,"href":"https:\/\/extrusiones.com.co\/en\/wp-json\/wp\/v2\/comments?post=2044"}],"version-history":[{"count":17,"href":"https:\/\/extrusiones.com.co\/en\/wp-json\/wp\/v2\/pages\/2044\/revisions"}],"predecessor-version":[{"id":5364,"href":"https:\/\/extrusiones.com.co\/en\/wp-json\/wp\/v2\/pages\/2044\/revisions\/5364"}],"wp:attachment":[{"href":"https:\/\/extrusiones.com.co\/en\/wp-json\/wp\/v2\/media?parent=2044"}],"curies":[{"name":"wp","href":"https:\/\/api.w.org\/{rel}","templated":true}]}}