{"id":2372,"date":"2023-06-08T22:11:44","date_gmt":"2023-06-09T03:11:44","guid":{"rendered":"http:\/\/extrusiones.local\/?page_id=2372"},"modified":"2025-11-27T11:04:00","modified_gmt":"2025-11-27T16:04:00","slug":"blog","status":"publish","type":"page","link":"https:\/\/extrusiones.com.co\/en\/blog\/","title":{"rendered":"Blog"},"content":{"rendered":"<div data-elementor-type=\"wp-page\" data-elementor-id=\"2372\" class=\"elementor elementor-2372\" data-elementor-post-type=\"page\">\n\t\t\t\t<div class=\"elementor-element elementor-element-bd964d8 e-con-full e-flex e-con e-parent\" data-id=\"bd964d8\" data-element_type=\"container\" data-e-type=\"container\" data-settings=\"{&quot;background_background&quot;:&quot;classic&quot;,&quot;jet_parallax_layout_list&quot;:[]}\">\n\t\t\t\t<div class=\"elementor-element elementor-element-f787b3d elementor-widget elementor-widget-heading\" data-id=\"f787b3d\" data-element_type=\"widget\" data-e-type=\"widget\" data-widget_type=\"heading.default\">\n\t\t\t\t<div class=\"elementor-widget-container\">\n\t\t\t\t\t<h1 class=\"elementor-heading-title elementor-size-default\">Blog<\/h1>\t\t\t\t<\/div>\n\t\t\t\t<\/div>\n\t\t\t\t<\/div>\n\t\t<div class=\"elementor-element elementor-element-8b4dedb e-flex e-con-boxed e-con e-parent\" data-id=\"8b4dedb\" data-element_type=\"container\" data-e-type=\"container\" data-settings=\"{&quot;jet_parallax_layout_list&quot;:[]}\">\n\t\t\t\t\t<div class=\"e-con-inner\">\n\t\t\t\t<div class=\"elementor-element elementor-element-1407095 elementor-grid-3 elementor-grid-tablet-2 elementor-grid-mobile-1 elementor-posts--thumbnail-top elementor-posts__hover-gradient elementor-widget elementor-widget-posts\" data-id=\"1407095\" data-element_type=\"widget\" data-e-type=\"widget\" data-settings=\"{&quot;cards_row_gap&quot;:{&quot;unit&quot;:&quot;px&quot;,&quot;size&quot;:20,&quot;sizes&quot;:[]},&quot;pagination_type&quot;:&quot;numbers&quot;,&quot;cards_columns&quot;:&quot;3&quot;,&quot;cards_columns_tablet&quot;:&quot;2&quot;,&quot;cards_columns_mobile&quot;:&quot;1&quot;,&quot;cards_row_gap_tablet&quot;:{&quot;unit&quot;:&quot;px&quot;,&quot;size&quot;:&quot;&quot;,&quot;sizes&quot;:[]},&quot;cards_row_gap_mobile&quot;:{&quot;unit&quot;:&quot;px&quot;,&quot;size&quot;:&quot;&quot;,&quot;sizes&quot;:[]}}\" data-widget_type=\"posts.cards\">\n\t\t\t\t<div class=\"elementor-widget-container\">\n\t\t\t\t\t\t\t<div class=\"elementor-posts-container elementor-posts elementor-posts--skin-cards elementor-grid\" role=\"list\">\n\t\t\t\t<article class=\"elementor-post elementor-grid-item post-5562 post type-post status-publish format-standard hentry category-sin-categoria\" role=\"listitem\">\n\t\t\t<div class=\"elementor-post__card\">\n\t\t\t\t<div class=\"elementor-post__text\">\n\t\t\t\t<h3 class=\"elementor-post__title\">\n\t\t\t<a href=\"https:\/\/extrusiones.com.co\/en\/cunas-plasticas-para-acristalamiento-extrusiones\/\" >\n\t\t\t\tCu\u00f1as pl\u00e1sticas para acristalamiento: precisi\u00f3n, seguridad y desempe\u00f1o en cada instalaci\u00f3n\t\t\t<\/a>\n\t\t<\/h3>\n\t\t\t\t<div class=\"elementor-post__excerpt\">\n\t\t\t<p>Las cu\u00f1as pl\u00e1sticas para acristalamiento son clave para una correcta instalaci\u00f3n del vidrio, ya que permiten nivelar, distribuir el peso y evitar tensiones que afectan el desempe\u00f1o y la durabilidad del sistema.<\/p>\n\t\t<\/div>\n\t\t\n\t\t<a class=\"elementor-post__read-more\" href=\"https:\/\/extrusiones.com.co\/en\/cunas-plasticas-para-acristalamiento-extrusiones\/\" aria-label=\"Read more about Cu\u00f1as pl\u00e1sticas para acristalamiento: precisi\u00f3n, seguridad y desempe\u00f1o en cada instalaci\u00f3n\" tabindex=\"-1\" >\n\t\t\tRead more\t\t<\/a>\n\n\t\t\t\t<\/div>\n\t\t\t\t<div class=\"elementor-post__meta-data\">\n\t\t\t\t\t<span class=\"elementor-post-date\">\n\t\t\t2 February, 2026\t\t<\/span>\n\t\t\t\t<span class=\"elementor-post-avatar\">\n\t\t\tNo Comments\t\t<\/span>\n\t\t\t\t<\/div>\n\t\t\t\t\t<\/div>\n\t\t<\/article>\n\t\t\t\t<article class=\"elementor-post elementor-grid-item post-5569 post type-post status-publish format-standard hentry category-sin-categoria\" role=\"listitem\">\n\t\t\t<div class=\"elementor-post__card\">\n\t\t\t\t<div class=\"elementor-post__text\">\n\t\t\t\t<h3 class=\"elementor-post__title\">\n\t\t\t<a href=\"https:\/\/extrusiones.com.co\/en\/cintas-y-espumas-en-epdm-para-sellado-perfecto-extrusiones\/\" >\n\t\t\t\tCintas y espumas en EPDM: sellado confiable para aplicaciones industriales y de transporte\t\t\t<\/a>\n\t\t<\/h3>\n\t\t\t\t<div class=\"elementor-post__excerpt\">\n\t\t\t<p>Las cintas y espumas en EPDM son soluciones t\u00e9cnicas dise\u00f1adas para garantizar un sellado confiable en aplicaciones donde la hermeticidad y el control ambiental son<\/p>\n\t\t<\/div>\n\t\t\n\t\t<a class=\"elementor-post__read-more\" href=\"https:\/\/extrusiones.com.co\/en\/cintas-y-espumas-en-epdm-para-sellado-perfecto-extrusiones\/\" aria-label=\"Read more about Cintas y espumas en EPDM: sellado confiable para aplicaciones industriales y de transporte\" tabindex=\"-1\" >\n\t\t\tRead more\t\t<\/a>\n\n\t\t\t\t<\/div>\n\t\t\t\t<div class=\"elementor-post__meta-data\">\n\t\t\t\t\t<span class=\"elementor-post-date\">\n\t\t\t28 January, 2026\t\t<\/span>\n\t\t\t\t<span class=\"elementor-post-avatar\">\n\t\t\tNo Comments\t\t<\/span>\n\t\t\t\t<\/div>\n\t\t\t\t\t<\/div>\n\t\t<\/article>\n\t\t\t\t<article class=\"elementor-post elementor-grid-item post-5573 post type-post status-publish format-standard hentry category-sin-categoria\" role=\"listitem\">\n\t\t\t<div class=\"elementor-post__card\">\n\t\t\t\t<div class=\"elementor-post__text\">\n\t\t\t\t<h3 class=\"elementor-post__title\">\n\t\t\t<a href=\"https:\/\/extrusiones.com.co\/en\/perfiles-con-adhesivos-psa-union-tecnica-confiable-extrusiones\/\" >\n\t\t\t\tPerfiles con adhesivos: ingenier\u00eda de uni\u00f3n confiable para aplicaciones t\u00e9cnicas exigentes\t\t\t<\/a>\n\t\t<\/h3>\n\t\t\t\t<div class=\"elementor-post__excerpt\">\n\t\t\t<p>Los perfiles con adhesivos de Extrusiones integran cintas PSA validadas bajo normas ASTM e ISO, garantizando una uni\u00f3n t\u00e9cnica segura, durable y confiable.<\/p>\n\t\t<\/div>\n\t\t\n\t\t<a class=\"elementor-post__read-more\" href=\"https:\/\/extrusiones.com.co\/en\/perfiles-con-adhesivos-psa-union-tecnica-confiable-extrusiones\/\" aria-label=\"Read more about Perfiles con adhesivos: ingenier\u00eda de uni\u00f3n confiable para aplicaciones t\u00e9cnicas exigentes\" tabindex=\"-1\" >\n\t\t\tRead more\t\t<\/a>\n\n\t\t\t\t<\/div>\n\t\t\t\t<div class=\"elementor-post__meta-data\">\n\t\t\t\t\t<span class=\"elementor-post-date\">\n\t\t\t18 December, 2025\t\t<\/span>\n\t\t\t\t<span class=\"elementor-post-avatar\">\n\t\t\tNo Comments\t\t<\/span>\n\t\t\t\t<\/div>\n\t\t\t\t\t<\/div>\n\t\t<\/article>\n\t\t\t\t<article class=\"elementor-post elementor-grid-item post-3024 post type-post status-publish format-standard hentry category-arquitectura tag-coextrusion-de-polimeros tag-extrusion-avanzada tag-extrusiones tag-perfiles-de-sellado-termico-y-acustico tag-sellos-para-ventanas-y-puertas tag-triextruido-termoplastico\" role=\"listitem\">\n\t\t\t<div class=\"elementor-post__card\">\n\t\t\t\t<div class=\"elementor-post__text\">\n\t\t\t\t<h3 class=\"elementor-post__title\">\n\t\t\t<a href=\"https:\/\/extrusiones.com.co\/en\/innovacion-en-triextruido-termoplastico\/\" >\n\t\t\t\tInnovaci\u00f3n en Extrusi\u00f3n: Descubre Nuestra Nueva Capacidad de Triextruido Termopl\u00e1stico\t\t\t<\/a>\n\t\t<\/h3>\n\t\t\t\t<div class=\"elementor-post__excerpt\">\n\t\t\t<p>Descubre la nueva capacidad de Extrusiones en triextruido termopl\u00e1stico: innovaci\u00f3n en perfiles multicomponente para ventanas, puertas y sistemas de aislamiento t\u00e9rmico y ac\u00fastico.<\/p>\n\t\t<\/div>\n\t\t\n\t\t<a class=\"elementor-post__read-more\" href=\"https:\/\/extrusiones.com.co\/en\/innovacion-en-triextruido-termoplastico\/\" aria-label=\"Read more about Innovaci\u00f3n en Extrusi\u00f3n: Descubre Nuestra Nueva Capacidad de Triextruido Termopl\u00e1stico\" tabindex=\"-1\" >\n\t\t\tRead more\t\t<\/a>\n\n\t\t\t\t<\/div>\n\t\t\t\t<div class=\"elementor-post__meta-data\">\n\t\t\t\t\t<span class=\"elementor-post-date\">\n\t\t\t7 November, 2025\t\t<\/span>\n\t\t\t\t<span class=\"elementor-post-avatar\">\n\t\t\tNo Comments\t\t<\/span>\n\t\t\t\t<\/div>\n\t\t\t\t\t<\/div>\n\t\t<\/article>\n\t\t\t\t<article class=\"elementor-post elementor-grid-item post-4984 post type-post status-publish format-standard hentry category-sin-categoria\" role=\"listitem\">\n\t\t\t<div class=\"elementor-post__card\">\n\t\t\t\t<div class=\"elementor-post__text\">\n\t\t\t\t<h3 class=\"elementor-post__title\">\n\t\t\t<a href=\"https:\/\/extrusiones.com.co\/en\/republica-dominicana-nos-abrazo-asi-lanzamos-nuestro-catalogo-y-confirmamos-que-la-ingenieria-tambien-emociona\/\" >\n\t\t\t\tRep\u00fablica Dominicana nos abraz\u00f3: as\u00ed lanzamos nuestro cat\u00e1logo y confirmamos que la ingenier\u00eda tambi\u00e9n emociona\t\t\t<\/a>\n\t\t<\/h3>\n\t\t\t\t<div class=\"elementor-post__excerpt\">\n\t\t\t<p>As\u00ed vivimos nuestro evento en Rep\u00fablica Dominicana: emoci\u00f3n, aprendizaje y el lanzamiento de nuestro cat\u00e1logo con perfiles espec\u00edficos para sistemas de ventanas, puertas y fachadas. Alta ingenier\u00eda a tu medida.<\/p>\n\t\t<\/div>\n\t\t\n\t\t<a class=\"elementor-post__read-more\" href=\"https:\/\/extrusiones.com.co\/en\/republica-dominicana-nos-abrazo-asi-lanzamos-nuestro-catalogo-y-confirmamos-que-la-ingenieria-tambien-emociona\/\" aria-label=\"Read more about Rep\u00fablica Dominicana nos abraz\u00f3: as\u00ed lanzamos nuestro cat\u00e1logo y confirmamos que la ingenier\u00eda tambi\u00e9n emociona\" tabindex=\"-1\" >\n\t\t\tRead more\t\t<\/a>\n\n\t\t\t\t<\/div>\n\t\t\t\t<div class=\"elementor-post__meta-data\">\n\t\t\t\t\t<span class=\"elementor-post-date\">\n\t\t\t10 October, 2025\t\t<\/span>\n\t\t\t\t<span class=\"elementor-post-avatar\">\n\t\t\tNo Comments\t\t<\/span>\n\t\t\t\t<\/div>\n\t\t\t\t\t<\/div>\n\t\t<\/article>\n\t\t\t\t<article class=\"elementor-post elementor-grid-item post-5001 post type-post status-publish format-standard hentry category-sin-categoria\" role=\"listitem\">\n\t\t\t<div class=\"elementor-post__card\">\n\t\t\t\t<div class=\"elementor-post__text\">\n\t\t\t\t<h3 class=\"elementor-post__title\">\n\t\t\t<a href=\"https:\/\/extrusiones.com.co\/en\/sellado-perfecto-con-espumas-epdm-silicona-y-sbr\/\" >\n\t\t\t\tSellado Perfecto con Espumas EPDM, Silicona y SBR\t\t\t<\/a>\n\t\t<\/h3>\n\t\t\t\t<div class=\"elementor-post__excerpt\">\n\t\t\t<p>En Extrusiones fabricamos perfiles de espuma en EPDM, silicona (VMQ) y SBR con densidades y durezas controladas para un sellado perfecto, aislamiento y larga vida \u00fatil en aplicaciones industriales y comerciales.<\/p>\n\t\t<\/div>\n\t\t\n\t\t<a class=\"elementor-post__read-more\" href=\"https:\/\/extrusiones.com.co\/en\/sellado-perfecto-con-espumas-epdm-silicona-y-sbr\/\" aria-label=\"Read more about Sellado Perfecto con Espumas EPDM, Silicona y SBR\" tabindex=\"-1\" >\n\t\t\tRead more\t\t<\/a>\n\n\t\t\t\t<\/div>\n\t\t\t\t<div class=\"elementor-post__meta-data\">\n\t\t\t\t\t<span class=\"elementor-post-date\">\n\t\t\t24 September, 2025\t\t<\/span>\n\t\t\t\t<span class=\"elementor-post-avatar\">\n\t\t\tNo Comments\t\t<\/span>\n\t\t\t\t<\/div>\n\t\t\t\t\t<\/div>\n\t\t<\/article>\n\t\t\t\t<article class=\"elementor-post elementor-grid-item post-4241 post type-post status-publish format-standard hentry category-sin-categoria\" role=\"listitem\">\n\t\t\t<div class=\"elementor-post__card\">\n\t\t\t\t<div class=\"elementor-post__text\">\n\t\t\t\t<h3 class=\"elementor-post__title\">\n\t\t\t<a href=\"https:\/\/extrusiones.com.co\/en\/perfiles-de-caucho-con-fibra-de-hilo-resistencia-que-marca-la-diferencia\/\" >\n\t\t\t\tPerfiles de caucho con fibra de hilo: resistencia que marca la diferencia\t\t\t<\/a>\n\t\t<\/h3>\n\t\t\t\t<div class=\"elementor-post__excerpt\">\n\t\t\t<p>Descubre c\u00f3mo los perfiles de caucho con refuerzo de fibra de hilo ofrecen mayor resistencia, estabilidad y durabilidad. En Extrusiones fabricamos soluciones t\u00e9cnicas a medida para sectores que exigen m\u00e1s.<\/p>\n\t\t<\/div>\n\t\t\n\t\t<a class=\"elementor-post__read-more\" href=\"https:\/\/extrusiones.com.co\/en\/perfiles-de-caucho-con-fibra-de-hilo-resistencia-que-marca-la-diferencia\/\" aria-label=\"Read more about Perfiles de caucho con fibra de hilo: resistencia que marca la diferencia\" tabindex=\"-1\" >\n\t\t\tRead more\t\t<\/a>\n\n\t\t\t\t<\/div>\n\t\t\t\t<div class=\"elementor-post__meta-data\">\n\t\t\t\t\t<span class=\"elementor-post-date\">\n\t\t\t27 August, 2025\t\t<\/span>\n\t\t\t\t<span class=\"elementor-post-avatar\">\n\t\t\tNo Comments\t\t<\/span>\n\t\t\t\t<\/div>\n\t\t\t\t\t<\/div>\n\t\t<\/article>\n\t\t\t\t<article class=\"elementor-post elementor-grid-item post-3043 post type-post status-publish format-standard hentry category-ingenieria\" role=\"listitem\">\n\t\t\t<div class=\"elementor-post__card\">\n\t\t\t\t<div class=\"elementor-post__text\">\n\t\t\t\t<h3 class=\"elementor-post__title\">\n\t\t\t<a href=\"https:\/\/extrusiones.com.co\/en\/contramarca-extrusiones-el-sello-invisible-que-garantiza-tu-tranquilidad\/\" >\n\t\t\t\tContramarca Extrusiones: El Sello Invisible que Garantiza tu Tranquilidad\t\t\t<\/a>\n\t\t<\/h3>\n\t\t\t\t<div class=\"elementor-post__excerpt\">\n\t\t\t<p>Cuando cada minuto importa, identificar el origen y fabricaci\u00f3n de un sello es clave. En Extrusiones, nuestra contramarca exclusiva asegura confianza y control total, acompa\u00f1ando a todos nuestros perfiles y empaques.<\/p>\n\t\t<\/div>\n\t\t\n\t\t<a class=\"elementor-post__read-more\" href=\"https:\/\/extrusiones.com.co\/en\/contramarca-extrusiones-el-sello-invisible-que-garantiza-tu-tranquilidad\/\" aria-label=\"Read more about Contramarca Extrusiones: El Sello Invisible que Garantiza tu Tranquilidad\" tabindex=\"-1\" >\n\t\t\tRead more\t\t<\/a>\n\n\t\t\t\t<\/div>\n\t\t\t\t<div class=\"elementor-post__meta-data\">\n\t\t\t\t\t<span class=\"elementor-post-date\">\n\t\t\t24 July, 2025\t\t<\/span>\n\t\t\t\t<span class=\"elementor-post-avatar\">\n\t\t\tNo Comments\t\t<\/span>\n\t\t\t\t<\/div>\n\t\t\t\t\t<\/div>\n\t\t<\/article>\n\t\t\t\t<article class=\"elementor-post elementor-grid-item post-3475 post type-post status-publish format-standard hentry category-arquitectura category-sostenibilidad\" role=\"listitem\">\n\t\t\t<div class=\"elementor-post__card\">\n\t\t\t\t<div class=\"elementor-post__text\">\n\t\t\t\t<h3 class=\"elementor-post__title\">\n\t\t\t<a href=\"https:\/\/extrusiones.com.co\/en\/eficiencia-organizacion-y-compromiso-ambiental-en-una-sola-carreta-de-extrusiones\/\" >\n\t\t\t\tEficiencia, organizaci\u00f3n y compromiso ambiental en una sola carreta de Extrusiones\t\t\t<\/a>\n\t\t<\/h3>\n\t\t\t\t<div class=\"elementor-post__excerpt\">\n\t\t\t<p>Aqu\u00ed, creemos que la innovaci\u00f3n debe ir siempre de la mano con la funcionalidad y la responsabilidad ambiental. Por eso, te presentamos nuestra nueva carreta, dise\u00f1ada para transformar la forma en que transportas, almacenas y exhibes tus productos.<\/p>\n\t\t<\/div>\n\t\t\n\t\t<a class=\"elementor-post__read-more\" href=\"https:\/\/extrusiones.com.co\/en\/eficiencia-organizacion-y-compromiso-ambiental-en-una-sola-carreta-de-extrusiones\/\" aria-label=\"Read more about Eficiencia, organizaci\u00f3n y compromiso ambiental en una sola carreta de Extrusiones\" tabindex=\"-1\" >\n\t\t\tRead more\t\t<\/a>\n\n\t\t\t\t<\/div>\n\t\t\t\t<div class=\"elementor-post__meta-data\">\n\t\t\t\t\t<span class=\"elementor-post-date\">\n\t\t\t5 June, 2025\t\t<\/span>\n\t\t\t\t<span class=\"elementor-post-avatar\">\n\t\t\tNo Comments\t\t<\/span>\n\t\t\t\t<\/div>\n\t\t\t\t\t<\/div>\n\t\t<\/article>\n\t\t\t\t<\/div>\n\t\t\n\t\t\t\t<div class=\"e-load-more-anchor\" data-page=\"1\" data-max-page=\"3\" data-next-page=\"https:\/\/extrusiones.com.co\/en\/wp-json\/wp\/v2\/pages\/2372\/page\/2\/\"><\/div>\n\t\t\t\t<nav class=\"elementor-pagination\" aria-label=\"Pagination\">\n\t\t\t<span aria-current=\"page\" class=\"page-numbers current\"><span class=\"elementor-screen-only\">Page<\/span>1<\/span>\n<a class=\"page-numbers\" href=\"https:\/\/extrusiones.com.co\/en\/wp-json\/wp\/v2\/pages\/2372\/page\/2\/\"><span class=\"elementor-screen-only\">Page<\/span>2<\/a>\n<a class=\"page-numbers\" href=\"https:\/\/extrusiones.com.co\/en\/wp-json\/wp\/v2\/pages\/2372\/page\/3\/\"><span class=\"elementor-screen-only\">Page<\/span>3<\/a>\t\t<\/nav>\n\t\t\t\t\t\t<\/div>\n\t\t\t\t<\/div>\n\t\t\t\t\t<\/div>\n\t\t\t\t<\/div>\n\t\t\t\t<\/div>","protected":false},"excerpt":{"rendered":"<p>Blog<\/p>","protected":false},"author":1,"featured_media":0,"parent":0,"menu_order":0,"comment_status":"closed","ping_status":"closed","template":"elementor_header_footer","meta":{"_joinchat":[],"footnotes":""},"class_list":["post-2372","page","type-page","status-publish","hentry"],"_links":{"self":[{"href":"https:\/\/extrusiones.com.co\/en\/wp-json\/wp\/v2\/pages\/2372","targetHints":{"allow":["GET"]}}],"collection":[{"href":"https:\/\/extrusiones.com.co\/en\/wp-json\/wp\/v2\/pages"}],"about":[{"href":"https:\/\/extrusiones.com.co\/en\/wp-json\/wp\/v2\/types\/page"}],"author":[{"embeddable":true,"href":"https:\/\/extrusiones.com.co\/en\/wp-json\/wp\/v2\/users\/1"}],"replies":[{"embeddable":true,"href":"https:\/\/extrusiones.com.co\/en\/wp-json\/wp\/v2\/comments?post=2372"}],"version-history":[{"count":22,"href":"https:\/\/extrusiones.com.co\/en\/wp-json\/wp\/v2\/pages\/2372\/revisions"}],"predecessor-version":[{"id":5372,"href":"https:\/\/extrusiones.com.co\/en\/wp-json\/wp\/v2\/pages\/2372\/revisions\/5372"}],"wp:attachment":[{"href":"https:\/\/extrusiones.com.co\/en\/wp-json\/wp\/v2\/media?parent=2372"}],"curies":[{"name":"wp","href":"https:\/\/api.w.org\/{rel}","templated":true}]}}