{"id":3723,"date":"2025-08-21T15:51:57","date_gmt":"2025-08-21T20:51:57","guid":{"rendered":"http:\/\/extrusiones.local\/?post_type=product&#038;p=3723"},"modified":"2025-10-21T17:19:41","modified_gmt":"2025-10-21T22:19:41","slug":"triextruido-termoplastico-3","status":"publish","type":"product","link":"https:\/\/extrusiones.com.co\/en\/product\/triextruido-termoplastico-3\/","title":{"rendered":"Triextruido termopl\u00e1stico"},"content":{"rendered":"","protected":false},"excerpt":{"rendered":"<p><span style=\"font-weight: 400;\">Perfil triextruido con dise\u00f1o ondulado superior que facilita el deslizamiento suave en aplicaciones m\u00f3viles. La base r\u00edgida proporciona un anclaje estructural firme, mientras que la capa intermedia act\u00faa como elemento que facilita el deslizamiento y las pesta\u00f1as superiores mejoran la compresi\u00f3n para asegurar un sellado eficiente. Ideal para sistemas corredizos donde se requiere movimiento fluido y sellado t\u00e9rmico\/ac\u00fastico.<\/span><\/p>\n<p><span style=\"font-weight: 400;\">\u2714<\/span> <b>Aplicaci\u00f3n t\u00edpica:<\/b><span style=\"font-weight: 400;\"> Ventanas y puertas corredizas con requerimientos de sellado din\u00e1mico.<\/span><span style=\"font-weight: 400;\"><br \/>\n<\/span><span style=\"font-weight: 400;\">\u2714<\/span> <b>Ventajas:<\/b><span style=\"font-weight: 400;\"> Alta resistencia al desgaste, estabilidad dimensional y f\u00e1cil instalaci\u00f3n en rieles.<\/span><\/p>","protected":false},"featured_media":3851,"template":"","meta":{"_joinchat":[]},"product_brand":[],"product_cat":[70],"product_tag":[],"class_list":{"0":"post-3723","1":"product","2":"type-product","3":"status-publish","4":"has-post-thumbnail","6":"product_cat-triextruido-termoplastico","8":"first","9":"instock","10":"shipping-taxable","11":"purchasable","12":"product-type-simple"},"_links":{"self":[{"href":"https:\/\/extrusiones.com.co\/en\/wp-json\/wp\/v2\/product\/3723","targetHints":{"allow":["GET"]}}],"collection":[{"href":"https:\/\/extrusiones.com.co\/en\/wp-json\/wp\/v2\/product"}],"about":[{"href":"https:\/\/extrusiones.com.co\/en\/wp-json\/wp\/v2\/types\/product"}],"wp:featuredmedia":[{"embeddable":true,"href":"https:\/\/extrusiones.com.co\/en\/wp-json\/wp\/v2\/media\/3851"}],"wp:attachment":[{"href":"https:\/\/extrusiones.com.co\/en\/wp-json\/wp\/v2\/media?parent=3723"}],"wp:term":[{"taxonomy":"product_brand","embeddable":true,"href":"https:\/\/extrusiones.com.co\/en\/wp-json\/wp\/v2\/product_brand?post=3723"},{"taxonomy":"product_cat","embeddable":true,"href":"https:\/\/extrusiones.com.co\/en\/wp-json\/wp\/v2\/product_cat?post=3723"},{"taxonomy":"product_tag","embeddable":true,"href":"https:\/\/extrusiones.com.co\/en\/wp-json\/wp\/v2\/product_tag?post=3723"}],"curies":[{"name":"wp","href":"https:\/\/api.w.org\/{rel}","templated":true}]}}