{"id":3859,"date":"2025-08-26T11:51:13","date_gmt":"2025-08-26T16:51:13","guid":{"rendered":"http:\/\/extrusiones.local\/?post_type=product&#038;p=3859"},"modified":"2025-10-21T17:24:39","modified_gmt":"2025-10-21T22:24:39","slug":"triextruido-termoplastico","status":"publish","type":"product","link":"https:\/\/extrusiones.com.co\/en\/product\/triextruido-termoplastico\/","title":{"rendered":"Triextruido termopl\u00e1stico"},"content":{"rendered":"","protected":false},"excerpt":{"rendered":"<p><span style=\"font-weight: 400;\">Perfil compuesto por tres materiales en zonas diferenciadas: capa superior para compresi\u00f3n y sellado, n\u00facleo intermedio para deslizamiento controlado, y base r\u00edgida de anclaje. Su geometr\u00eda ondulada permite mantener el sellado incluso con movimientos repetitivos.<\/span><\/p>\n<p><span style=\"font-weight: 400;\">\u2714<\/span> <b>Aplicaci\u00f3n t\u00edpica:<\/b><span style=\"font-weight: 400;\"> Sistemas corredizos con exigencia de estanqueidad y movilidad.<\/span><span style=\"font-weight: 400;\"><br \/>\n<\/span><span style=\"font-weight: 400;\">\u2714<\/span> <b>Ventajas:<\/b><span style=\"font-weight: 400;\"> Funcionalidad integrada, menor n\u00famero de piezas, reducci\u00f3n de ruido y fricci\u00f3n.<\/span><\/p>","protected":false},"featured_media":3862,"template":"","meta":{"_joinchat":[]},"product_brand":[],"product_cat":[70,71],"product_tag":[],"class_list":{"0":"post-3859","1":"product","2":"type-product","3":"status-publish","4":"has-post-thumbnail","6":"product_cat-triextruido-termoplastico","7":"product_cat-desarrollo-de-perfiles","9":"first","10":"instock","11":"shipping-taxable","12":"purchasable","13":"product-type-simple"},"_links":{"self":[{"href":"https:\/\/extrusiones.com.co\/en\/wp-json\/wp\/v2\/product\/3859","targetHints":{"allow":["GET"]}}],"collection":[{"href":"https:\/\/extrusiones.com.co\/en\/wp-json\/wp\/v2\/product"}],"about":[{"href":"https:\/\/extrusiones.com.co\/en\/wp-json\/wp\/v2\/types\/product"}],"wp:featuredmedia":[{"embeddable":true,"href":"https:\/\/extrusiones.com.co\/en\/wp-json\/wp\/v2\/media\/3862"}],"wp:attachment":[{"href":"https:\/\/extrusiones.com.co\/en\/wp-json\/wp\/v2\/media?parent=3859"}],"wp:term":[{"taxonomy":"product_brand","embeddable":true,"href":"https:\/\/extrusiones.com.co\/en\/wp-json\/wp\/v2\/product_brand?post=3859"},{"taxonomy":"product_cat","embeddable":true,"href":"https:\/\/extrusiones.com.co\/en\/wp-json\/wp\/v2\/product_cat?post=3859"},{"taxonomy":"product_tag","embeddable":true,"href":"https:\/\/extrusiones.com.co\/en\/wp-json\/wp\/v2\/product_tag?post=3859"}],"curies":[{"name":"wp","href":"https:\/\/api.w.org\/{rel}","templated":true}]}}