{"id":3878,"date":"2025-08-26T12:22:08","date_gmt":"2025-08-26T17:22:08","guid":{"rendered":"http:\/\/extrusiones.local\/?post_type=product&#038;p=3878"},"modified":"2025-10-21T17:22:18","modified_gmt":"2025-10-21T22:22:18","slug":"perfil-coextruido-en-termoplastico","status":"publish","type":"product","link":"https:\/\/extrusiones.com.co\/en\/product\/perfil-coextruido-en-termoplastico\/","title":{"rendered":"Perfil coextruido en termopl\u00e1stico"},"content":{"rendered":"","protected":false},"excerpt":{"rendered":"<p><span style=\"font-weight: 400;\">Dise\u00f1o con estructura superior flexible y base r\u00edgida, ideal para acoplarse en canales o marcos estructurales. La coextrusi\u00f3n de materiales termopl\u00e1sticos permite combinar un cuerpo flexible para amortiguaci\u00f3n o sellado, con una base r\u00edgida que facilita el montaje y asegura estabilidad.<\/span><\/p>\n<p><span style=\"font-weight: 400;\">\u2714<\/span> <b>Aplicaci\u00f3n t\u00edpica:<\/b><span style=\"font-weight: 400;\"> Cerramientos modulares, rieles de puertas o sellos encajables.<\/span><span style=\"font-weight: 400;\"><br \/>\n<\/span><span style=\"font-weight: 400;\">\u2714<\/span> <b>Ventajas:<\/b><span style=\"font-weight: 400;\"> Resistencia al desgaste, buena memoria el\u00e1stica y f\u00e1cil montaje en estructuras met\u00e1licas o pl\u00e1sticas.<\/span><\/p>","protected":false},"featured_media":3879,"template":"","meta":{"_joinchat":[]},"product_brand":[],"product_cat":[71],"product_tag":[],"class_list":{"0":"post-3878","1":"product","2":"type-product","3":"status-publish","4":"has-post-thumbnail","6":"product_cat-desarrollo-de-perfiles","8":"first","9":"instock","10":"shipping-taxable","11":"purchasable","12":"product-type-simple"},"_links":{"self":[{"href":"https:\/\/extrusiones.com.co\/en\/wp-json\/wp\/v2\/product\/3878","targetHints":{"allow":["GET"]}}],"collection":[{"href":"https:\/\/extrusiones.com.co\/en\/wp-json\/wp\/v2\/product"}],"about":[{"href":"https:\/\/extrusiones.com.co\/en\/wp-json\/wp\/v2\/types\/product"}],"wp:featuredmedia":[{"embeddable":true,"href":"https:\/\/extrusiones.com.co\/en\/wp-json\/wp\/v2\/media\/3879"}],"wp:attachment":[{"href":"https:\/\/extrusiones.com.co\/en\/wp-json\/wp\/v2\/media?parent=3878"}],"wp:term":[{"taxonomy":"product_brand","embeddable":true,"href":"https:\/\/extrusiones.com.co\/en\/wp-json\/wp\/v2\/product_brand?post=3878"},{"taxonomy":"product_cat","embeddable":true,"href":"https:\/\/extrusiones.com.co\/en\/wp-json\/wp\/v2\/product_cat?post=3878"},{"taxonomy":"product_tag","embeddable":true,"href":"https:\/\/extrusiones.com.co\/en\/wp-json\/wp\/v2\/product_tag?post=3878"}],"curies":[{"name":"wp","href":"https:\/\/api.w.org\/{rel}","templated":true}]}}