{"id":3886,"date":"2025-08-26T12:31:14","date_gmt":"2025-08-26T17:31:14","guid":{"rendered":"http:\/\/extrusiones.local\/?post_type=product&#038;p=3886"},"modified":"2025-10-21T17:26:15","modified_gmt":"2025-10-21T22:26:15","slug":"coextrusion-doble-durezas-3","status":"publish","type":"product","link":"https:\/\/extrusiones.com.co\/en\/product\/coextrusion-doble-durezas-3\/","title":{"rendered":"Coextrusi\u00f3n doble durezas"},"content":{"rendered":"","protected":false},"excerpt":{"rendered":"<p><span style=\"font-weight: 400;\">Perfil con la zona de la burbuja en EPDM esponjoso para compresi\u00f3n, brindando un buen sellado y su base en EPDM macizo mejora su anclaje en estructuras. Su geometr\u00eda facilita la inserci\u00f3n precisa en perfiles met\u00e1licos o pl\u00e1sticos, asegurando un ajuste firme.<\/span><\/p>\n<p><span style=\"font-weight: 400;\">\u2714<\/span> <b>Aplicaci\u00f3n t\u00edpica:<\/b><span style=\"font-weight: 400;\"> Sistemas de cierre industrial, puertas de veh\u00edculos pesados o contenedores.<\/span><span style=\"font-weight: 400;\"><br \/>\n<\/span><span style=\"font-weight: 400;\">\u2714<\/span> <b>Ventajas:<\/b><span style=\"font-weight: 400;\"> Firmeza estructural combinada con flexibilidad funcional, resistencia a deformaci\u00f3n y excelente desempe\u00f1o a la intemperie.<\/span><\/p>","protected":false},"featured_media":3890,"template":"","meta":{"_joinchat":[]},"product_brand":[],"product_cat":[72],"product_tag":[],"class_list":{"0":"post-3886","1":"product","2":"type-product","3":"status-publish","4":"has-post-thumbnail","6":"product_cat-coextrusion-doble-durezas","8":"first","9":"instock","10":"shipping-taxable","11":"purchasable","12":"product-type-simple"},"_links":{"self":[{"href":"https:\/\/extrusiones.com.co\/en\/wp-json\/wp\/v2\/product\/3886","targetHints":{"allow":["GET"]}}],"collection":[{"href":"https:\/\/extrusiones.com.co\/en\/wp-json\/wp\/v2\/product"}],"about":[{"href":"https:\/\/extrusiones.com.co\/en\/wp-json\/wp\/v2\/types\/product"}],"wp:featuredmedia":[{"embeddable":true,"href":"https:\/\/extrusiones.com.co\/en\/wp-json\/wp\/v2\/media\/3890"}],"wp:attachment":[{"href":"https:\/\/extrusiones.com.co\/en\/wp-json\/wp\/v2\/media?parent=3886"}],"wp:term":[{"taxonomy":"product_brand","embeddable":true,"href":"https:\/\/extrusiones.com.co\/en\/wp-json\/wp\/v2\/product_brand?post=3886"},{"taxonomy":"product_cat","embeddable":true,"href":"https:\/\/extrusiones.com.co\/en\/wp-json\/wp\/v2\/product_cat?post=3886"},{"taxonomy":"product_tag","embeddable":true,"href":"https:\/\/extrusiones.com.co\/en\/wp-json\/wp\/v2\/product_tag?post=3886"}],"curies":[{"name":"wp","href":"https:\/\/api.w.org\/{rel}","templated":true}]}}