{"id":3893,"date":"2025-08-26T15:01:45","date_gmt":"2025-08-26T20:01:45","guid":{"rendered":"http:\/\/extrusiones.local\/?post_type=product&#038;p=3893"},"modified":"2025-10-21T17:26:52","modified_gmt":"2025-10-21T22:26:52","slug":"coextrusion-doble-durezas-2","status":"publish","type":"product","link":"https:\/\/extrusiones.com.co\/en\/product\/coextrusion-doble-durezas-2\/","title":{"rendered":"Coextrusi\u00f3n doble durezas"},"content":{"rendered":"","protected":false},"excerpt":{"rendered":"<p><span style=\"font-weight: 400;\">Este perfil combina un cuerpo en EPDM macizo que proporciona estructura y guiado y la pesta\u00f1a en EPDM esponjoso que act\u00faa como barrera contra polvo, agua o ruido. La coextrusi\u00f3n permite que cada zona cumpla una funci\u00f3n espec\u00edfica sin necesidad de ensamblajes adicionales.<\/span><\/p>\n<p><span style=\"font-weight: 400;\">\u2714<\/span> <b>Aplicaci\u00f3n t\u00edpica:<\/b><span style=\"font-weight: 400;\"> Sellado en sistemas corredizos, puertas abatibles o compartimentos t\u00e9cnicos.<\/span><span style=\"font-weight: 400;\"><br \/>\n<\/span><span style=\"font-weight: 400;\">\u2714<\/span> <b>Ventajas:<\/b><span style=\"font-weight: 400;\"> Multifuncionalidad integrada, mejora de la estanqueidad y reducci\u00f3n de vibraciones.<\/span><\/p>","protected":false},"featured_media":3899,"template":"","meta":{"_joinchat":[]},"product_brand":[],"product_cat":[72],"product_tag":[],"class_list":{"0":"post-3893","1":"product","2":"type-product","3":"status-publish","4":"has-post-thumbnail","6":"product_cat-coextrusion-doble-durezas","8":"first","9":"instock","10":"shipping-taxable","11":"purchasable","12":"product-type-simple"},"_links":{"self":[{"href":"https:\/\/extrusiones.com.co\/en\/wp-json\/wp\/v2\/product\/3893","targetHints":{"allow":["GET"]}}],"collection":[{"href":"https:\/\/extrusiones.com.co\/en\/wp-json\/wp\/v2\/product"}],"about":[{"href":"https:\/\/extrusiones.com.co\/en\/wp-json\/wp\/v2\/types\/product"}],"wp:featuredmedia":[{"embeddable":true,"href":"https:\/\/extrusiones.com.co\/en\/wp-json\/wp\/v2\/media\/3899"}],"wp:attachment":[{"href":"https:\/\/extrusiones.com.co\/en\/wp-json\/wp\/v2\/media?parent=3893"}],"wp:term":[{"taxonomy":"product_brand","embeddable":true,"href":"https:\/\/extrusiones.com.co\/en\/wp-json\/wp\/v2\/product_brand?post=3893"},{"taxonomy":"product_cat","embeddable":true,"href":"https:\/\/extrusiones.com.co\/en\/wp-json\/wp\/v2\/product_cat?post=3893"},{"taxonomy":"product_tag","embeddable":true,"href":"https:\/\/extrusiones.com.co\/en\/wp-json\/wp\/v2\/product_tag?post=3893"}],"curies":[{"name":"wp","href":"https:\/\/api.w.org\/{rel}","templated":true}]}}