{"id":3901,"date":"2025-08-26T15:07:10","date_gmt":"2025-08-26T20:07:10","guid":{"rendered":"http:\/\/extrusiones.local\/?post_type=product&#038;p=3901"},"modified":"2025-10-21T17:27:29","modified_gmt":"2025-10-21T22:27:29","slug":"coextrusion-doble-durezas","status":"publish","type":"product","link":"https:\/\/extrusiones.com.co\/en\/product\/coextrusion-doble-durezas\/","title":{"rendered":"Coextrusi\u00f3n doble durezas"},"content":{"rendered":"","protected":false},"excerpt":{"rendered":"<p><span style=\"font-weight: 400;\">Perfil con cabeza semiesf\u00e9rica de material esponjoso para compresi\u00f3n y una base estructural maciza para anclaje. Las recamaras permiten una excelente respuesta el\u00e1stica, ideal para absorber movimientos y garantizar el sellado sin perder forma con el tiempo.<\/span><\/p>\n<p><span style=\"font-weight: 400;\">\u2714<\/span> <b>Aplicaci\u00f3n t\u00edpica:<\/b><span style=\"font-weight: 400;\"> Sellos perimetrales en puertas automotrices, gabinetes el\u00e9ctricos o cerramientos industriales.<\/span><span style=\"font-weight: 400;\"><br \/>\n<\/span><span style=\"font-weight: 400;\">\u2714<\/span> <b>Ventajas:<\/b><span style=\"font-weight: 400;\"> Excelente recuperaci\u00f3n despu\u00e9s de la compresi\u00f3n, f\u00e1cil instalaci\u00f3n y gran resistencia al envejecimiento.<\/span><\/p>","protected":false},"featured_media":3904,"template":"","meta":{"_joinchat":[]},"product_brand":[],"product_cat":[72],"product_tag":[],"class_list":{"0":"post-3901","1":"product","2":"type-product","3":"status-publish","4":"has-post-thumbnail","6":"product_cat-coextrusion-doble-durezas","8":"first","9":"instock","10":"shipping-taxable","11":"purchasable","12":"product-type-simple"},"_links":{"self":[{"href":"https:\/\/extrusiones.com.co\/en\/wp-json\/wp\/v2\/product\/3901","targetHints":{"allow":["GET"]}}],"collection":[{"href":"https:\/\/extrusiones.com.co\/en\/wp-json\/wp\/v2\/product"}],"about":[{"href":"https:\/\/extrusiones.com.co\/en\/wp-json\/wp\/v2\/types\/product"}],"wp:featuredmedia":[{"embeddable":true,"href":"https:\/\/extrusiones.com.co\/en\/wp-json\/wp\/v2\/media\/3904"}],"wp:attachment":[{"href":"https:\/\/extrusiones.com.co\/en\/wp-json\/wp\/v2\/media?parent=3901"}],"wp:term":[{"taxonomy":"product_brand","embeddable":true,"href":"https:\/\/extrusiones.com.co\/en\/wp-json\/wp\/v2\/product_brand?post=3901"},{"taxonomy":"product_cat","embeddable":true,"href":"https:\/\/extrusiones.com.co\/en\/wp-json\/wp\/v2\/product_cat?post=3901"},{"taxonomy":"product_tag","embeddable":true,"href":"https:\/\/extrusiones.com.co\/en\/wp-json\/wp\/v2\/product_tag?post=3901"}],"curies":[{"name":"wp","href":"https:\/\/api.w.org\/{rel}","templated":true}]}}