{"id":3906,"date":"2025-08-26T15:18:44","date_gmt":"2025-08-26T20:18:44","guid":{"rendered":"http:\/\/extrusiones.local\/?post_type=product&#038;p=3906"},"modified":"2025-10-21T17:28:54","modified_gmt":"2025-10-21T22:28:54","slug":"inserto-de-hilo-2","status":"publish","type":"product","link":"https:\/\/extrusiones.com.co\/en\/product\/inserto-de-hilo-2\/","title":{"rendered":"Inserto de hilo"},"content":{"rendered":"","protected":false},"excerpt":{"rendered":"<p><span style=\"font-weight: 400;\">Dise\u00f1o con doble pesta\u00f1a de fijaci\u00f3n y cuerpo con pesta\u00f1a alargada para la compresi\u00f3n. La incorporaci\u00f3n del refuerzo de hilo en fibra de vidrio en este tipo de geometr\u00edas le otorga rigidez controlada y precisi\u00f3n dimensional, manteniendo la funcionalidad incluso bajo deformaci\u00f3n prolongada.<\/span><\/p>\n<p><span style=\"font-weight: 400;\">\u2714<\/span> <b>Aplicaci\u00f3n t\u00edpica:<\/b><span style=\"font-weight: 400;\"> Juntas de sellado en estructuras met\u00e1licas, sistemas de ventilaci\u00f3n o compartimentos herm\u00e9ticos.<\/span><span style=\"font-weight: 400;\"><br \/>\n<\/span><span style=\"font-weight: 400;\">\u2714<\/span> <b>Ventajas:<\/b><span style=\"font-weight: 400;\"> Excelente comportamiento en presi\u00f3n constante, resistencia al desgarre y capacidad de absorci\u00f3n de vibraciones.<\/span><\/p>","protected":false},"featured_media":3909,"template":"","meta":{"_joinchat":[]},"product_brand":[],"product_cat":[73],"product_tag":[],"class_list":{"0":"post-3906","1":"product","2":"type-product","3":"status-publish","4":"has-post-thumbnail","6":"product_cat-inserto-de-hilo","8":"first","9":"instock","10":"shipping-taxable","11":"purchasable","12":"product-type-simple"},"_links":{"self":[{"href":"https:\/\/extrusiones.com.co\/en\/wp-json\/wp\/v2\/product\/3906","targetHints":{"allow":["GET"]}}],"collection":[{"href":"https:\/\/extrusiones.com.co\/en\/wp-json\/wp\/v2\/product"}],"about":[{"href":"https:\/\/extrusiones.com.co\/en\/wp-json\/wp\/v2\/types\/product"}],"wp:featuredmedia":[{"embeddable":true,"href":"https:\/\/extrusiones.com.co\/en\/wp-json\/wp\/v2\/media\/3909"}],"wp:attachment":[{"href":"https:\/\/extrusiones.com.co\/en\/wp-json\/wp\/v2\/media?parent=3906"}],"wp:term":[{"taxonomy":"product_brand","embeddable":true,"href":"https:\/\/extrusiones.com.co\/en\/wp-json\/wp\/v2\/product_brand?post=3906"},{"taxonomy":"product_cat","embeddable":true,"href":"https:\/\/extrusiones.com.co\/en\/wp-json\/wp\/v2\/product_cat?post=3906"},{"taxonomy":"product_tag","embeddable":true,"href":"https:\/\/extrusiones.com.co\/en\/wp-json\/wp\/v2\/product_tag?post=3906"}],"curies":[{"name":"wp","href":"https:\/\/api.w.org\/{rel}","templated":true}]}}