{"id":3911,"date":"2025-08-26T15:24:18","date_gmt":"2025-08-26T20:24:18","guid":{"rendered":"http:\/\/extrusiones.local\/?post_type=product&#038;p=3911"},"modified":"2025-10-21T17:28:06","modified_gmt":"2025-10-21T22:28:06","slug":"inserto-de-hilo","status":"publish","type":"product","link":"https:\/\/extrusiones.com.co\/en\/product\/inserto-de-hilo\/","title":{"rendered":"Inserto de hilo"},"content":{"rendered":"","protected":false},"excerpt":{"rendered":"<p><span style=\"font-weight: 400;\">Perfil con forma superior tipo burbuja, dise\u00f1ado para una compresi\u00f3n eficiente y sellado herm\u00e9tico. El <\/span><b>hilo en fibra de vidrio<\/b><span style=\"font-weight: 400;\"> inserto en su estructura refuerza el perfil, brindando mayor resistencia al alargamiento, a la deformaci\u00f3n y a la fatiga mec\u00e1nica.<\/span><\/p>\n<p><span style=\"font-weight: 400;\">\u2714<\/span> <b>Aplicaci\u00f3n t\u00edpica:<\/b><span style=\"font-weight: 400;\"> Sellos para puertas automotrices, contenedores o sistemas de compresi\u00f3n continua.<\/span><span style=\"font-weight: 400;\"><br \/>\n<\/span><span style=\"font-weight: 400;\">\u2714<\/span> <b>Ventajas:<\/b><span style=\"font-weight: 400;\"> Mayor durabilidad en ciclos repetitivos, excelente memoria el\u00e1stica y comportamiento estable en condiciones t\u00e9rmicas extremas.<\/span><\/p>","protected":false},"featured_media":3914,"template":"","meta":{"_joinchat":[]},"product_brand":[],"product_cat":[73],"product_tag":[],"class_list":{"0":"post-3911","1":"product","2":"type-product","3":"status-publish","4":"has-post-thumbnail","6":"product_cat-inserto-de-hilo","8":"first","9":"instock","10":"shipping-taxable","11":"purchasable","12":"product-type-simple"},"_links":{"self":[{"href":"https:\/\/extrusiones.com.co\/en\/wp-json\/wp\/v2\/product\/3911","targetHints":{"allow":["GET"]}}],"collection":[{"href":"https:\/\/extrusiones.com.co\/en\/wp-json\/wp\/v2\/product"}],"about":[{"href":"https:\/\/extrusiones.com.co\/en\/wp-json\/wp\/v2\/types\/product"}],"wp:featuredmedia":[{"embeddable":true,"href":"https:\/\/extrusiones.com.co\/en\/wp-json\/wp\/v2\/media\/3914"}],"wp:attachment":[{"href":"https:\/\/extrusiones.com.co\/en\/wp-json\/wp\/v2\/media?parent=3911"}],"wp:term":[{"taxonomy":"product_brand","embeddable":true,"href":"https:\/\/extrusiones.com.co\/en\/wp-json\/wp\/v2\/product_brand?post=3911"},{"taxonomy":"product_cat","embeddable":true,"href":"https:\/\/extrusiones.com.co\/en\/wp-json\/wp\/v2\/product_cat?post=3911"},{"taxonomy":"product_tag","embeddable":true,"href":"https:\/\/extrusiones.com.co\/en\/wp-json\/wp\/v2\/product_tag?post=3911"}],"curies":[{"name":"wp","href":"https:\/\/api.w.org\/{rel}","templated":true}]}}