{"id":5088,"date":"2025-11-06T12:47:38","date_gmt":"2025-11-06T17:47:38","guid":{"rendered":"https:\/\/extrusiones.com.co\/?post_type=product&#038;p=5088"},"modified":"2025-11-06T12:47:39","modified_gmt":"2025-11-06T17:47:39","slug":"731-perfil-cuna-movil-de-presion-2-5mm","status":"publish","type":"product","link":"https:\/\/extrusiones.com.co\/en\/product\/731-perfil-cuna-movil-de-presion-2-5mm\/","title":{"rendered":"731 PERFIL CU\u00d1A MOVIL DE PRESION 2.5mm"},"content":{"rendered":"<p><span data-sheets-root=\"1\">Cu\u00f1a m\u00f3vil que genera presi\u00f3n entre el vidrio y el m\u00f3dulo de aluminio.<\/span><\/p>","protected":false},"excerpt":{"rendered":"<p><span data-sheets-root=\"1\">Cu\u00f1a m\u00f3vil que genera presi\u00f3n entre el vidrio y el m\u00f3dulo de aluminio.<\/span><\/p>","protected":false},"featured_media":5089,"template":"","meta":{"_joinchat":[]},"product_brand":[],"product_cat":[75,81],"product_tag":[],"class_list":{"0":"post-5088","1":"product","2":"type-product","3":"status-publish","4":"has-post-thumbnail","6":"product_cat-sector-construccion","7":"product_cat-cunas-moviles","9":"first","10":"instock","11":"shipping-taxable","12":"purchasable","13":"product-type-simple"},"_links":{"self":[{"href":"https:\/\/extrusiones.com.co\/en\/wp-json\/wp\/v2\/product\/5088","targetHints":{"allow":["GET"]}}],"collection":[{"href":"https:\/\/extrusiones.com.co\/en\/wp-json\/wp\/v2\/product"}],"about":[{"href":"https:\/\/extrusiones.com.co\/en\/wp-json\/wp\/v2\/types\/product"}],"wp:featuredmedia":[{"embeddable":true,"href":"https:\/\/extrusiones.com.co\/en\/wp-json\/wp\/v2\/media\/5089"}],"wp:attachment":[{"href":"https:\/\/extrusiones.com.co\/en\/wp-json\/wp\/v2\/media?parent=5088"}],"wp:term":[{"taxonomy":"product_brand","embeddable":true,"href":"https:\/\/extrusiones.com.co\/en\/wp-json\/wp\/v2\/product_brand?post=5088"},{"taxonomy":"product_cat","embeddable":true,"href":"https:\/\/extrusiones.com.co\/en\/wp-json\/wp\/v2\/product_cat?post=5088"},{"taxonomy":"product_tag","embeddable":true,"href":"https:\/\/extrusiones.com.co\/en\/wp-json\/wp\/v2\/product_tag?post=5088"}],"curies":[{"name":"wp","href":"https:\/\/api.w.org\/{rel}","templated":true}]}}