{"id":5090,"date":"2025-11-06T12:49:00","date_gmt":"2025-11-06T17:49:00","guid":{"rendered":"https:\/\/extrusiones.com.co\/?post_type=product&#038;p=5090"},"modified":"2025-11-06T12:49:00","modified_gmt":"2025-11-06T17:49:00","slug":"tr-4506p-perfil-sl-wedge-glazing-gasket","status":"publish","type":"product","link":"https:\/\/extrusiones.com.co\/en\/product\/tr-4506p-perfil-sl-wedge-glazing-gasket\/","title":{"rendered":"TR-4506P PERFIL SL WEDGE GLAZING GASKET"},"content":{"rendered":"<p><span data-sheets-root=\"1\">Genera un sello entre el m\u00f3dulo de aluminio y el vidrio, evitando la filtraci\u00f3n de l\u00edquidos, part\u00edculas y sonido. Est\u00e1 en contacto con silicona l\u00edquida.<\/span><\/p>","protected":false},"excerpt":{"rendered":"<p><span data-sheets-root=\"1\">Genera un sello entre el m\u00f3dulo de aluminio y el vidrio, evitando la filtraci\u00f3n de l\u00edquidos, part\u00edculas y sonido. Est\u00e1 en contacto con silicona l\u00edquida.<\/span><\/p>","protected":false},"featured_media":5091,"template":"","meta":{"_joinchat":[]},"product_brand":[],"product_cat":[75,81],"product_tag":[],"class_list":{"0":"post-5090","1":"product","2":"type-product","3":"status-publish","4":"has-post-thumbnail","6":"product_cat-sector-construccion","7":"product_cat-cunas-moviles","9":"first","10":"instock","11":"shipping-taxable","12":"purchasable","13":"product-type-simple"},"_links":{"self":[{"href":"https:\/\/extrusiones.com.co\/en\/wp-json\/wp\/v2\/product\/5090","targetHints":{"allow":["GET"]}}],"collection":[{"href":"https:\/\/extrusiones.com.co\/en\/wp-json\/wp\/v2\/product"}],"about":[{"href":"https:\/\/extrusiones.com.co\/en\/wp-json\/wp\/v2\/types\/product"}],"wp:featuredmedia":[{"embeddable":true,"href":"https:\/\/extrusiones.com.co\/en\/wp-json\/wp\/v2\/media\/5091"}],"wp:attachment":[{"href":"https:\/\/extrusiones.com.co\/en\/wp-json\/wp\/v2\/media?parent=5090"}],"wp:term":[{"taxonomy":"product_brand","embeddable":true,"href":"https:\/\/extrusiones.com.co\/en\/wp-json\/wp\/v2\/product_brand?post=5090"},{"taxonomy":"product_cat","embeddable":true,"href":"https:\/\/extrusiones.com.co\/en\/wp-json\/wp\/v2\/product_cat?post=5090"},{"taxonomy":"product_tag","embeddable":true,"href":"https:\/\/extrusiones.com.co\/en\/wp-json\/wp\/v2\/product_tag?post=5090"}],"curies":[{"name":"wp","href":"https:\/\/api.w.org\/{rel}","templated":true}]}}