{"id":5128,"date":"2025-11-10T09:57:47","date_gmt":"2025-11-10T14:57:47","guid":{"rendered":"https:\/\/extrusiones.com.co\/?post_type=product&#038;p=5128"},"modified":"2025-11-10T09:57:47","modified_gmt":"2025-11-10T14:57:47","slug":"empaque-junta-dinamica-aleta","status":"publish","type":"product","link":"https:\/\/extrusiones.com.co\/en\/product\/empaque-junta-dinamica-aleta\/","title":{"rendered":"EMPAQUE JUNTA DINAMICA ALETA"},"content":{"rendered":"<p><span style=\"color: #000000; font-size: 18pt; font-family: Calibri, Arial; text-align: center;\" data-sheets-root=\"1\">Se acopla de forma sim\u00e9trica con otro perfil de la misma geometr\u00eda. Al unirse, crean un sello que impide la entrada de part\u00edculas y suciedad al sistema.<\/span><\/p>","protected":false},"excerpt":{"rendered":"<p>Se acopla de forma sim\u00e9trica con otro perfil de la misma geometr\u00eda. Al unirse, crean un sello que impide la entrada de part\u00edculas y suciedad al sistema.<\/p>","protected":false},"featured_media":5129,"template":"","meta":{"_joinchat":[]},"product_brand":[],"product_cat":[86,75],"product_tag":[],"class_list":{"0":"post-5128","1":"product","2":"type-product","3":"status-publish","4":"has-post-thumbnail","6":"product_cat-barredor","7":"product_cat-sector-construccion","9":"first","10":"instock","11":"shipping-taxable","12":"purchasable","13":"product-type-simple"},"_links":{"self":[{"href":"https:\/\/extrusiones.com.co\/en\/wp-json\/wp\/v2\/product\/5128","targetHints":{"allow":["GET"]}}],"collection":[{"href":"https:\/\/extrusiones.com.co\/en\/wp-json\/wp\/v2\/product"}],"about":[{"href":"https:\/\/extrusiones.com.co\/en\/wp-json\/wp\/v2\/types\/product"}],"wp:featuredmedia":[{"embeddable":true,"href":"https:\/\/extrusiones.com.co\/en\/wp-json\/wp\/v2\/media\/5129"}],"wp:attachment":[{"href":"https:\/\/extrusiones.com.co\/en\/wp-json\/wp\/v2\/media?parent=5128"}],"wp:term":[{"taxonomy":"product_brand","embeddable":true,"href":"https:\/\/extrusiones.com.co\/en\/wp-json\/wp\/v2\/product_brand?post=5128"},{"taxonomy":"product_cat","embeddable":true,"href":"https:\/\/extrusiones.com.co\/en\/wp-json\/wp\/v2\/product_cat?post=5128"},{"taxonomy":"product_tag","embeddable":true,"href":"https:\/\/extrusiones.com.co\/en\/wp-json\/wp\/v2\/product_tag?post=5128"}],"curies":[{"name":"wp","href":"https:\/\/api.w.org\/{rel}","templated":true}]}}