{"id":5171,"date":"2025-11-11T16:06:18","date_gmt":"2025-11-11T21:06:18","guid":{"rendered":"https:\/\/extrusiones.com.co\/?post_type=product&#038;p=5171"},"modified":"2025-11-11T16:06:18","modified_gmt":"2025-11-11T21:06:18","slug":"perfil-sl-tramo-emp901","status":"publish","type":"product","link":"https:\/\/extrusiones.com.co\/en\/product\/perfil-sl-tramo-emp901\/","title":{"rendered":"PERFIL SL TRAMO EMP901"},"content":{"rendered":"<p><span data-sheets-root=\"1\">Es un empaque ac\u00fastico que est\u00e1 en contacto con silicona estructural. Una parte va ensamblada al aluminio y la otra hace contacto con el vidrio, siendo asegurada con silicona. Por esta raz\u00f3n, el empaque debe ser de silicona para garantizar compatibilidad con la silicona estructural. Su funci\u00f3n es evitar el ingreso de ruido, part\u00edculas y l\u00edquidos al interior del sistema.<\/span><\/p>","protected":false},"excerpt":{"rendered":"<p><span data-sheets-root=\"1\">Es un empaque ac\u00fastico que est\u00e1 en contacto con silicona estructural. Una parte va ensamblada al aluminio y la otra hace contacto con el vidrio, siendo asegurada con silicona. Por esta raz\u00f3n, el empaque debe ser de silicona para garantizar compatibilidad con la silicona estructural. Su funci\u00f3n es evitar el ingreso de ruido, part\u00edculas y l\u00edquidos al interior del sistema.<\/span><\/p>","protected":false},"featured_media":5172,"template":"","meta":{"_joinchat":[]},"product_brand":[],"product_cat":[75,90],"product_tag":[],"class_list":{"0":"post-5171","1":"product","2":"type-product","3":"status-publish","4":"has-post-thumbnail","6":"product_cat-sector-construccion","7":"product_cat-junta-acustica","9":"first","10":"instock","11":"shipping-taxable","12":"purchasable","13":"product-type-simple"},"_links":{"self":[{"href":"https:\/\/extrusiones.com.co\/en\/wp-json\/wp\/v2\/product\/5171","targetHints":{"allow":["GET"]}}],"collection":[{"href":"https:\/\/extrusiones.com.co\/en\/wp-json\/wp\/v2\/product"}],"about":[{"href":"https:\/\/extrusiones.com.co\/en\/wp-json\/wp\/v2\/types\/product"}],"wp:featuredmedia":[{"embeddable":true,"href":"https:\/\/extrusiones.com.co\/en\/wp-json\/wp\/v2\/media\/5172"}],"wp:attachment":[{"href":"https:\/\/extrusiones.com.co\/en\/wp-json\/wp\/v2\/media?parent=5171"}],"wp:term":[{"taxonomy":"product_brand","embeddable":true,"href":"https:\/\/extrusiones.com.co\/en\/wp-json\/wp\/v2\/product_brand?post=5171"},{"taxonomy":"product_cat","embeddable":true,"href":"https:\/\/extrusiones.com.co\/en\/wp-json\/wp\/v2\/product_cat?post=5171"},{"taxonomy":"product_tag","embeddable":true,"href":"https:\/\/extrusiones.com.co\/en\/wp-json\/wp\/v2\/product_tag?post=5171"}],"curies":[{"name":"wp","href":"https:\/\/api.w.org\/{rel}","templated":true}]}}