{"id":5173,"date":"2025-11-11T16:07:35","date_gmt":"2025-11-11T21:07:35","guid":{"rendered":"https:\/\/extrusiones.com.co\/?post_type=product&#038;p=5173"},"modified":"2025-11-11T16:07:35","modified_gmt":"2025-11-11T21:07:35","slug":"empaque-tramo-emp903-l1600mm","status":"publish","type":"product","link":"https:\/\/extrusiones.com.co\/en\/product\/empaque-tramo-emp903-l1600mm\/","title":{"rendered":"EMPAQUE TRAMO EMP903 L1600mm"},"content":{"rendered":"<p><span data-sheets-root=\"1\">Esta junta ac\u00fastica tiene como funcionalidad llenar vac\u00edos en el interior del sistema, evitando el ingreso de ruido, part\u00edculas y l\u00edquidos.<\/span><\/p>","protected":false},"excerpt":{"rendered":"<p><span data-sheets-root=\"1\">Esta junta ac\u00fastica tiene como funcionalidad llenar vac\u00edos en el interior del sistema, evitando el ingreso de ruido, part\u00edculas y l\u00edquidos.<\/span><\/p>","protected":false},"featured_media":5174,"template":"","meta":{"_joinchat":[]},"product_brand":[],"product_cat":[75,90],"product_tag":[],"class_list":{"0":"post-5173","1":"product","2":"type-product","3":"status-publish","4":"has-post-thumbnail","6":"product_cat-sector-construccion","7":"product_cat-junta-acustica","9":"first","10":"instock","11":"shipping-taxable","12":"purchasable","13":"product-type-simple"},"_links":{"self":[{"href":"https:\/\/extrusiones.com.co\/en\/wp-json\/wp\/v2\/product\/5173","targetHints":{"allow":["GET"]}}],"collection":[{"href":"https:\/\/extrusiones.com.co\/en\/wp-json\/wp\/v2\/product"}],"about":[{"href":"https:\/\/extrusiones.com.co\/en\/wp-json\/wp\/v2\/types\/product"}],"wp:featuredmedia":[{"embeddable":true,"href":"https:\/\/extrusiones.com.co\/en\/wp-json\/wp\/v2\/media\/5174"}],"wp:attachment":[{"href":"https:\/\/extrusiones.com.co\/en\/wp-json\/wp\/v2\/media?parent=5173"}],"wp:term":[{"taxonomy":"product_brand","embeddable":true,"href":"https:\/\/extrusiones.com.co\/en\/wp-json\/wp\/v2\/product_brand?post=5173"},{"taxonomy":"product_cat","embeddable":true,"href":"https:\/\/extrusiones.com.co\/en\/wp-json\/wp\/v2\/product_cat?post=5173"},{"taxonomy":"product_tag","embeddable":true,"href":"https:\/\/extrusiones.com.co\/en\/wp-json\/wp\/v2\/product_tag?post=5173"}],"curies":[{"name":"wp","href":"https:\/\/api.w.org\/{rel}","templated":true}]}}