{"id":5175,"date":"2025-11-11T16:27:19","date_gmt":"2025-11-11T21:27:19","guid":{"rendered":"https:\/\/extrusiones.com.co\/?post_type=product&#038;p=5175"},"modified":"2025-11-11T16:27:19","modified_gmt":"2025-11-11T21:27:19","slug":"perfil-sl-spacer-1-4-lf70","status":"publish","type":"product","link":"https:\/\/extrusiones.com.co\/en\/product\/perfil-sl-spacer-1-4-lf70\/","title":{"rendered":"PERFIL SL SPACER 1\/4&#8243; LF70"},"content":{"rendered":"<p><span data-sheets-root=\"1\">Act\u00faa como espaciador entre m\u00f3dulos de aluminio y vidrios en contacto con silicona l\u00edquida.<\/span><\/p>","protected":false},"excerpt":{"rendered":"<p><span data-sheets-root=\"1\">Act\u00faa como espaciador entre m\u00f3dulos de aluminio y vidrios en contacto con silicona l\u00edquida.<\/span><\/p>","protected":false},"featured_media":5177,"template":"","meta":{"_joinchat":[]},"product_brand":[],"product_cat":[75,80],"product_tag":[],"class_list":{"0":"post-5175","1":"product","2":"type-product","3":"status-publish","4":"has-post-thumbnail","6":"product_cat-sector-construccion","7":"product_cat-espaciadores","9":"first","10":"instock","11":"shipping-taxable","12":"purchasable","13":"product-type-simple"},"_links":{"self":[{"href":"https:\/\/extrusiones.com.co\/en\/wp-json\/wp\/v2\/product\/5175","targetHints":{"allow":["GET"]}}],"collection":[{"href":"https:\/\/extrusiones.com.co\/en\/wp-json\/wp\/v2\/product"}],"about":[{"href":"https:\/\/extrusiones.com.co\/en\/wp-json\/wp\/v2\/types\/product"}],"wp:featuredmedia":[{"embeddable":true,"href":"https:\/\/extrusiones.com.co\/en\/wp-json\/wp\/v2\/media\/5177"}],"wp:attachment":[{"href":"https:\/\/extrusiones.com.co\/en\/wp-json\/wp\/v2\/media?parent=5175"}],"wp:term":[{"taxonomy":"product_brand","embeddable":true,"href":"https:\/\/extrusiones.com.co\/en\/wp-json\/wp\/v2\/product_brand?post=5175"},{"taxonomy":"product_cat","embeddable":true,"href":"https:\/\/extrusiones.com.co\/en\/wp-json\/wp\/v2\/product_cat?post=5175"},{"taxonomy":"product_tag","embeddable":true,"href":"https:\/\/extrusiones.com.co\/en\/wp-json\/wp\/v2\/product_tag?post=5175"}],"curies":[{"name":"wp","href":"https:\/\/api.w.org\/{rel}","templated":true}]}}