{"id":5226,"date":"2025-11-12T08:30:20","date_gmt":"2025-11-12T13:30:20","guid":{"rendered":"https:\/\/extrusiones.com.co\/?post_type=product&#038;p=5226"},"modified":"2025-11-12T08:30:20","modified_gmt":"2025-11-12T13:30:20","slug":"perfil-esponjoso-adhesivo-3m-gpt-020-8mm","status":"publish","type":"product","link":"https:\/\/extrusiones.com.co\/en\/product\/perfil-esponjoso-adhesivo-3m-gpt-020-8mm\/","title":{"rendered":"PERFIL ESPONJOSO ADHESIVO 3M GPT 020 8mm"},"content":{"rendered":"<p>Genera un sello en la carcasa de las luminarias, y el adhesivo asegura la correcta instalaci\u00f3n del conjunto. Adem\u00e1s, la espuma act\u00faa como un excelente aislante el\u00e9ctrico.<\/p>","protected":false},"excerpt":{"rendered":"<p>Genera un sello en la carcasa de las luminarias, y el adhesivo asegura la correcta instalaci\u00f3n del conjunto. Adem\u00e1s, la espuma act\u00faa como un excelente aislante el\u00e9ctrico.<\/p>\n<p><span data-sheets-root=\"1\">\u00a0<\/span><\/p>","protected":false},"featured_media":5224,"template":"","meta":{"_joinchat":[]},"product_brand":[],"product_cat":[77,113],"product_tag":[],"class_list":{"0":"post-5226","1":"product","2":"type-product","3":"status-publish","4":"has-post-thumbnail","6":"product_cat-sector-industria","7":"product_cat-sello-carcasas-luminaria","9":"first","10":"instock","11":"shipping-taxable","12":"purchasable","13":"product-type-simple"},"_links":{"self":[{"href":"https:\/\/extrusiones.com.co\/en\/wp-json\/wp\/v2\/product\/5226","targetHints":{"allow":["GET"]}}],"collection":[{"href":"https:\/\/extrusiones.com.co\/en\/wp-json\/wp\/v2\/product"}],"about":[{"href":"https:\/\/extrusiones.com.co\/en\/wp-json\/wp\/v2\/types\/product"}],"wp:featuredmedia":[{"embeddable":true,"href":"https:\/\/extrusiones.com.co\/en\/wp-json\/wp\/v2\/media\/5224"}],"wp:attachment":[{"href":"https:\/\/extrusiones.com.co\/en\/wp-json\/wp\/v2\/media?parent=5226"}],"wp:term":[{"taxonomy":"product_brand","embeddable":true,"href":"https:\/\/extrusiones.com.co\/en\/wp-json\/wp\/v2\/product_brand?post=5226"},{"taxonomy":"product_cat","embeddable":true,"href":"https:\/\/extrusiones.com.co\/en\/wp-json\/wp\/v2\/product_cat?post=5226"},{"taxonomy":"product_tag","embeddable":true,"href":"https:\/\/extrusiones.com.co\/en\/wp-json\/wp\/v2\/product_tag?post=5226"}],"curies":[{"name":"wp","href":"https:\/\/api.w.org\/{rel}","templated":true}]}}